{"id":33,"date":"2018-01-18T00:06:10","date_gmt":"2018-01-18T00:06:10","guid":{"rendered":"http:\/\/wordpress.hotelcasasofia.com\/?page_id=33"},"modified":"2020-05-27T17:52:33","modified_gmt":"2020-05-27T17:52:33","slug":"zimmer","status":"publish","type":"page","link":"http:\/\/www.hotelcasasofia.com\/de\/zimmer","title":{"rendered":"Unsere Zimmer"},"content":{"rendered":"<div id='gallery-1' class='gallery galleryid-33 gallery-columns-2 gallery-size-medium'><figure class='gallery-item'>\n\t\t\t<div class='gallery-icon landscape'>\n\t\t\t\t<a href='http:\/\/www.hotelcasasofia.com\/de\/img_4718'><img loading=\"lazy\" decoding=\"async\" width=\"300\" height=\"225\" src=\"http:\/\/www.hotelcasasofia.com\/wp-content\/uploads\/2019\/05\/IMG_4718-300x225.jpg\" class=\"attachment-medium size-medium\" alt=\"\" aria-describedby=\"gallery-1-1074\" srcset=\"http:\/\/www.hotelcasasofia.com\/wp-content\/uploads\/2019\/05\/IMG_4718-300x225.jpg 300w, http:\/\/www.hotelcasasofia.com\/wp-content\/uploads\/2019\/05\/IMG_4718-768x576.jpg 768w, http:\/\/www.hotelcasasofia.com\/wp-content\/uploads\/2019\/05\/IMG_4718-1024x768.jpg 1024w\" sizes=\"auto, (max-width: 300px) 100vw, 300px\" \/><\/a>\n\t\t\t<\/div>\n\t\t\t\t<figcaption class='wp-caption-text gallery-caption' id='gallery-1-1074'>\n\t\t\t\tDouble Deluxe\n\t\t\t\t<\/figcaption><\/figure><figure class='gallery-item'>\n\t\t\t<div class='gallery-icon landscape'>\n\t\t\t\t<a href='http:\/\/www.hotelcasasofia.com\/de\/img_4694'><img loading=\"lazy\" decoding=\"async\" width=\"300\" height=\"225\" src=\"http:\/\/www.hotelcasasofia.com\/wp-content\/uploads\/2018\/04\/IMG_4694-300x225.jpg\" class=\"attachment-medium size-medium\" alt=\"\" aria-describedby=\"gallery-1-723\" srcset=\"http:\/\/www.hotelcasasofia.com\/wp-content\/uploads\/2018\/04\/IMG_4694-300x225.jpg 300w, http:\/\/www.hotelcasasofia.com\/wp-content\/uploads\/2018\/04\/IMG_4694-768x576.jpg 768w, http:\/\/www.hotelcasasofia.com\/wp-content\/uploads\/2018\/04\/IMG_4694-1024x768.jpg 1024w, http:\/\/www.hotelcasasofia.com\/wp-content\/uploads\/2018\/04\/IMG_4694.jpg 2016w\" sizes=\"auto, (max-width: 300px) 100vw, 300px\" \/><\/a>\n\t\t\t<\/div>\n\t\t\t\t<figcaption class='wp-caption-text gallery-caption' id='gallery-1-723'>\n\t\t\t\tDouble Deluxe\n\t\t\t\t<\/figcaption><\/figure>\n\t\t<\/div>\n\n<div id='gallery-2' class='gallery galleryid-33 gallery-columns-2 gallery-size-medium'><figure class='gallery-item'>\n\t\t\t<div class='gallery-icon landscape'>\n\t\t\t\t<a href='http:\/\/www.hotelcasasofia.com\/de\/zimmer\/3-d'><img loading=\"lazy\" decoding=\"async\" width=\"300\" height=\"225\" src=\"http:\/\/www.hotelcasasofia.com\/wp-content\/uploads\/2020\/04\/3-d-300x225.jpg\" class=\"attachment-medium size-medium\" alt=\"\" aria-describedby=\"gallery-2-1212\" srcset=\"http:\/\/www.hotelcasasofia.com\/wp-content\/uploads\/2020\/04\/3-d-300x225.jpg 300w, http:\/\/www.hotelcasasofia.com\/wp-content\/uploads\/2020\/04\/3-d-768x576.jpg 768w, http:\/\/www.hotelcasasofia.com\/wp-content\/uploads\/2020\/04\/3-d.jpg 1024w\" sizes=\"auto, (max-width: 300px) 100vw, 300px\" \/><\/a>\n\t\t\t<\/div>\n\t\t\t\t<figcaption class='wp-caption-text gallery-caption' id='gallery-2-1212'>\n\t\t\t\tDouble Deluxe (new 2020)\n\t\t\t\t<\/figcaption><\/figure><figure class='gallery-item'>\n\t\t\t<div class='gallery-icon landscape'>\n\t\t\t\t<a href='http:\/\/www.hotelcasasofia.com\/de\/3-a'><img loading=\"lazy\" decoding=\"async\" width=\"300\" height=\"225\" src=\"http:\/\/www.hotelcasasofia.com\/wp-content\/uploads\/2020\/04\/3-a-300x225.jpg\" class=\"attachment-medium size-medium\" alt=\"\" aria-describedby=\"gallery-2-1204\" srcset=\"http:\/\/www.hotelcasasofia.com\/wp-content\/uploads\/2020\/04\/3-a-300x225.jpg 300w, http:\/\/www.hotelcasasofia.com\/wp-content\/uploads\/2020\/04\/3-a-768x576.jpg 768w, http:\/\/www.hotelcasasofia.com\/wp-content\/uploads\/2020\/04\/3-a.jpg 1024w\" sizes=\"auto, (max-width: 300px) 100vw, 300px\" \/><\/a>\n\t\t\t<\/div>\n\t\t\t\t<figcaption class='wp-caption-text gallery-caption' id='gallery-2-1204'>\n\t\t\t\tDouble Deluxe (new 2020)\n\t\t\t\t<\/figcaption><\/figure>\n\t\t<\/div>\n\n<div id='gallery-3' class='gallery galleryid-33 gallery-columns-2 gallery-size-medium'><figure class='gallery-item'>\n\t\t\t<div class='gallery-icon landscape'>\n\t\t\t\t<a href='http:\/\/www.hotelcasasofia.com\/de\/2-b'><img loading=\"lazy\" decoding=\"async\" width=\"300\" height=\"225\" src=\"http:\/\/www.hotelcasasofia.com\/wp-content\/uploads\/2020\/04\/2-b-300x225.jpg\" class=\"attachment-medium size-medium\" alt=\"\" aria-describedby=\"gallery-3-1202\" srcset=\"http:\/\/www.hotelcasasofia.com\/wp-content\/uploads\/2020\/04\/2-b-300x225.jpg 300w, http:\/\/www.hotelcasasofia.com\/wp-content\/uploads\/2020\/04\/2-b-768x576.jpg 768w, http:\/\/www.hotelcasasofia.com\/wp-content\/uploads\/2020\/04\/2-b.jpg 1024w\" sizes=\"auto, (max-width: 300px) 100vw, 300px\" \/><\/a>\n\t\t\t<\/div>\n\t\t\t\t<figcaption class='wp-caption-text gallery-caption' id='gallery-3-1202'>\n\t\t\t\tDouble Deluxe (new 2020)\n\t\t\t\t<\/figcaption><\/figure><figure class='gallery-item'>\n\t\t\t<div class='gallery-icon landscape'>\n\t\t\t\t<a href='http:\/\/www.hotelcasasofia.com\/de\/2-a'><img loading=\"lazy\" decoding=\"async\" width=\"300\" height=\"225\" src=\"http:\/\/www.hotelcasasofia.com\/wp-content\/uploads\/2020\/04\/2-a-300x225.jpg\" class=\"attachment-medium size-medium\" alt=\"\" aria-describedby=\"gallery-3-1203\" srcset=\"http:\/\/www.hotelcasasofia.com\/wp-content\/uploads\/2020\/04\/2-a-300x225.jpg 300w, http:\/\/www.hotelcasasofia.com\/wp-content\/uploads\/2020\/04\/2-a-768x576.jpg 768w, http:\/\/www.hotelcasasofia.com\/wp-content\/uploads\/2020\/04\/2-a.jpg 1024w\" sizes=\"auto, (max-width: 300px) 100vw, 300px\" \/><\/a>\n\t\t\t<\/div>\n\t\t\t\t<figcaption class='wp-caption-text gallery-caption' id='gallery-3-1203'>\n\t\t\t\tDouble Deluxe (new 2020)\n\t\t\t\t<\/figcaption><\/figure>\n\t\t<\/div>\n\n<div id='gallery-4' class='gallery galleryid-33 gallery-columns-2 gallery-size-medium'><figure class='gallery-item'>\n\t\t\t<div class='gallery-icon portrait'>\n\t\t\t\t<a href='http:\/\/www.hotelcasasofia.com\/de\/51716514'><img loading=\"lazy\" decoding=\"async\" width=\"199\" height=\"300\" src=\"http:\/\/www.hotelcasasofia.com\/wp-content\/uploads\/2019\/05\/51716514-199x300.jpg\" class=\"attachment-medium size-medium\" alt=\"\" aria-describedby=\"gallery-4-1099\" srcset=\"http:\/\/www.hotelcasasofia.com\/wp-content\/uploads\/2019\/05\/51716514-199x300.jpg 199w, http:\/\/www.hotelcasasofia.com\/wp-content\/uploads\/2019\/05\/51716514.jpg 598w\" sizes=\"auto, (max-width: 199px) 100vw, 199px\" \/><\/a>\n\t\t\t<\/div>\n\t\t\t\t<figcaption class='wp-caption-text gallery-caption' id='gallery-4-1099'>\n\t\t\t\t(new 2020)\n\t\t\t\t<\/figcaption><\/figure><figure class='gallery-item'>\n\t\t\t<div class='gallery-icon portrait'>\n\t\t\t\t<a href='http:\/\/www.hotelcasasofia.com\/de\/zimmer\/attachment\/51715306'><img loading=\"lazy\" decoding=\"async\" width=\"199\" height=\"300\" src=\"http:\/\/www.hotelcasasofia.com\/wp-content\/uploads\/2018\/05\/51715306-199x300.jpg\" class=\"attachment-medium size-medium\" alt=\"\" aria-describedby=\"gallery-4-878\" srcset=\"http:\/\/www.hotelcasasofia.com\/wp-content\/uploads\/2018\/05\/51715306-199x300.jpg 199w, http:\/\/www.hotelcasasofia.com\/wp-content\/uploads\/2018\/05\/51715306.jpg 598w\" sizes=\"auto, (max-width: 199px) 100vw, 199px\" \/><\/a>\n\t\t\t<\/div>\n\t\t\t\t<figcaption class='wp-caption-text gallery-caption' id='gallery-4-878'>\n\t\t\t\t(new 2020)\n\t\t\t\t<\/figcaption><\/figure>\n\t\t<\/div>\n\n<p>Zimmer mit Dusche\/WC, F\u00f6n, Pflegeprodukte,<\/p>\n<p><strong> privat<\/strong> Balkon oder Terrasse f\u00fcr <strong>Schutz Covid-19<\/strong>, Meerblick,<\/p>\n<p>Klimaanlage <strong>(new 2018)<\/strong>,\u00a0Sat-TV, Wi-Fi und Minibar <strong>(new 2019)<\/strong>.\u00a0Stilvoll eingerichtet, exklusiv.<\/p>\n<p>Alle R\u00e4ume renoviert <strong>(2018-2020)<\/strong>.<\/p>\n<div id='gallery-5' class='gallery galleryid-33 gallery-columns-2 gallery-size-medium'><figure class='gallery-item'>\n\t\t\t<div class='gallery-icon landscape'>\n\t\t\t\t<a href='http:\/\/www.hotelcasasofia.com\/de\/zimmer\/3-d'><img loading=\"lazy\" decoding=\"async\" width=\"300\" height=\"225\" src=\"http:\/\/www.hotelcasasofia.com\/wp-content\/uploads\/2020\/04\/3-d-300x225.jpg\" class=\"attachment-medium size-medium\" alt=\"\" aria-describedby=\"gallery-5-1212\" srcset=\"http:\/\/www.hotelcasasofia.com\/wp-content\/uploads\/2020\/04\/3-d-300x225.jpg 300w, http:\/\/www.hotelcasasofia.com\/wp-content\/uploads\/2020\/04\/3-d-768x576.jpg 768w, http:\/\/www.hotelcasasofia.com\/wp-content\/uploads\/2020\/04\/3-d.jpg 1024w\" sizes=\"auto, (max-width: 300px) 100vw, 300px\" \/><\/a>\n\t\t\t<\/div>\n\t\t\t\t<figcaption class='wp-caption-text gallery-caption' id='gallery-5-1212'>\n\t\t\t\tDouble Deluxe (new 2020)\n\t\t\t\t<\/figcaption><\/figure><figure class='gallery-item'>\n\t\t\t<div class='gallery-icon landscape'>\n\t\t\t\t<a href='http:\/\/www.hotelcasasofia.com\/de\/3-a'><img loading=\"lazy\" decoding=\"async\" width=\"300\" height=\"225\" src=\"http:\/\/www.hotelcasasofia.com\/wp-content\/uploads\/2020\/04\/3-a-300x225.jpg\" class=\"attachment-medium size-medium\" alt=\"\" aria-describedby=\"gallery-5-1204\" srcset=\"http:\/\/www.hotelcasasofia.com\/wp-content\/uploads\/2020\/04\/3-a-300x225.jpg 300w, http:\/\/www.hotelcasasofia.com\/wp-content\/uploads\/2020\/04\/3-a-768x576.jpg 768w, http:\/\/www.hotelcasasofia.com\/wp-content\/uploads\/2020\/04\/3-a.jpg 1024w\" sizes=\"auto, (max-width: 300px) 100vw, 300px\" \/><\/a>\n\t\t\t<\/div>\n\t\t\t\t<figcaption class='wp-caption-text gallery-caption' id='gallery-5-1204'>\n\t\t\t\tDouble Deluxe (new 2020)\n\t\t\t\t<\/figcaption><\/figure>\n\t\t<\/div>\n\n<div id='gallery-6' class='gallery galleryid-33 gallery-columns-2 gallery-size-medium'><figure class='gallery-item'>\n\t\t\t<div class='gallery-icon portrait'>\n\t\t\t\t<a href='http:\/\/www.hotelcasasofia.com\/de\/1-a'><img loading=\"lazy\" decoding=\"async\" width=\"225\" height=\"300\" src=\"http:\/\/www.hotelcasasofia.com\/wp-content\/uploads\/2020\/04\/1-a-225x300.jpg\" class=\"attachment-medium size-medium\" alt=\"\" aria-describedby=\"gallery-6-1220\" srcset=\"http:\/\/www.hotelcasasofia.com\/wp-content\/uploads\/2020\/04\/1-a-225x300.jpg 225w, http:\/\/www.hotelcasasofia.com\/wp-content\/uploads\/2020\/04\/1-a.jpg 768w\" sizes=\"auto, (max-width: 225px) 100vw, 225px\" \/><\/a>\n\t\t\t<\/div>\n\t\t\t\t<figcaption class='wp-caption-text gallery-caption' id='gallery-6-1220'>\n\t\t\t\tDouble Deluxe (new 2021)\n\t\t\t\t<\/figcaption><\/figure>\n\t\t<\/div>\n\n<div id='gallery-7' class='gallery galleryid-33 gallery-columns-2 gallery-size-medium'><figure class='gallery-item'>\n\t\t\t<div class='gallery-icon landscape'>\n\t\t\t\t<a href='http:\/\/www.hotelcasasofia.com\/de\/img_9285'><img loading=\"lazy\" decoding=\"async\" width=\"300\" height=\"225\" src=\"http:\/\/www.hotelcasasofia.com\/wp-content\/uploads\/2019\/05\/IMG_9285-300x225.jpg\" class=\"attachment-medium size-medium\" alt=\"\" aria-describedby=\"gallery-7-1072\" srcset=\"http:\/\/www.hotelcasasofia.com\/wp-content\/uploads\/2019\/05\/IMG_9285-300x225.jpg 300w, http:\/\/www.hotelcasasofia.com\/wp-content\/uploads\/2019\/05\/IMG_9285-768x576.jpg 768w, http:\/\/www.hotelcasasofia.com\/wp-content\/uploads\/2019\/05\/IMG_9285-1024x768.jpg 1024w\" sizes=\"auto, (max-width: 300px) 100vw, 300px\" \/><\/a>\n\t\t\t<\/div>\n\t\t\t\t<figcaption class='wp-caption-text gallery-caption' id='gallery-7-1072'>\n\t\t\t\tDouble\/Triple Deluxe\n\t\t\t\t<\/figcaption><\/figure>\n\t\t<\/div>\n\n<div id='gallery-8' class='gallery galleryid-33 gallery-columns-2 gallery-size-medium'><figure class='gallery-item'>\n\t\t\t<div class='gallery-icon landscape'>\n\t\t\t\t<a href='http:\/\/www.hotelcasasofia.com\/de\/zimmer\/_dsc0758_dxo'><img loading=\"lazy\" decoding=\"async\" width=\"300\" height=\"199\" src=\"http:\/\/www.hotelcasasofia.com\/wp-content\/uploads\/2018\/02\/DSC0758_DxO-300x199.jpg\" class=\"attachment-medium size-medium\" alt=\"\" aria-describedby=\"gallery-8-377\" srcset=\"http:\/\/www.hotelcasasofia.com\/wp-content\/uploads\/2018\/02\/DSC0758_DxO-300x199.jpg 300w, http:\/\/www.hotelcasasofia.com\/wp-content\/uploads\/2018\/02\/DSC0758_DxO-768x510.jpg 768w, http:\/\/www.hotelcasasofia.com\/wp-content\/uploads\/2018\/02\/DSC0758_DxO-1024x680.jpg 1024w\" sizes=\"auto, (max-width: 300px) 100vw, 300px\" \/><\/a>\n\t\t\t<\/div>\n\t\t\t\t<figcaption class='wp-caption-text gallery-caption' id='gallery-8-377'>\n\t\t\t\t(new 2020)\n\n\t\t\t\t<\/figcaption><\/figure>\n\t\t<\/div>\n\n<div id='gallery-9' class='gallery galleryid-33 gallery-columns-2 gallery-size-medium'><figure class='gallery-item'>\n\t\t\t<div class='gallery-icon portrait'>\n\t\t\t\t<a href='http:\/\/www.hotelcasasofia.com\/de\/img_7503'><img loading=\"lazy\" decoding=\"async\" width=\"225\" height=\"300\" src=\"http:\/\/www.hotelcasasofia.com\/wp-content\/uploads\/2019\/05\/IMG_7503-e1556978192995-225x300.jpg\" class=\"attachment-medium size-medium\" alt=\"\" aria-describedby=\"gallery-9-1083\" srcset=\"http:\/\/www.hotelcasasofia.com\/wp-content\/uploads\/2019\/05\/IMG_7503-e1556978192995-225x300.jpg 225w, http:\/\/www.hotelcasasofia.com\/wp-content\/uploads\/2019\/05\/IMG_7503-e1556978192995-768x1024.jpg 768w\" sizes=\"auto, (max-width: 225px) 100vw, 225px\" \/><\/a>\n\t\t\t<\/div>\n\t\t\t\t<figcaption class='wp-caption-text gallery-caption' id='gallery-9-1083'>\n\t\t\t\tDouble Deluxe \n\t\t\t\t<\/figcaption><\/figure>\n\t\t<\/div>\n\n<div id='gallery-10' class='gallery galleryid-33 gallery-columns-2 gallery-size-medium'><figure class='gallery-item'>\n\t\t\t<div class='gallery-icon landscape'>\n\t\t\t\t<a href='http:\/\/www.hotelcasasofia.com\/de\/3-b'><img loading=\"lazy\" decoding=\"async\" width=\"300\" height=\"225\" src=\"http:\/\/www.hotelcasasofia.com\/wp-content\/uploads\/2020\/04\/3-b-300x225.jpg\" class=\"attachment-medium size-medium\" alt=\"\" aria-describedby=\"gallery-10-1205\" srcset=\"http:\/\/www.hotelcasasofia.com\/wp-content\/uploads\/2020\/04\/3-b-300x225.jpg 300w, http:\/\/www.hotelcasasofia.com\/wp-content\/uploads\/2020\/04\/3-b-768x576.jpg 768w, http:\/\/www.hotelcasasofia.com\/wp-content\/uploads\/2020\/04\/3-b.jpg 1024w\" sizes=\"auto, (max-width: 300px) 100vw, 300px\" \/><\/a>\n\t\t\t<\/div>\n\t\t\t\t<figcaption class='wp-caption-text gallery-caption' id='gallery-10-1205'>\n\t\t\t\tDouble Deluxe (new 2020)\n\t\t\t\t<\/figcaption><\/figure>\n\t\t<\/div>\n\n<div id='gallery-11' class='gallery galleryid-33 gallery-columns-2 gallery-size-medium'><figure class='gallery-item'>\n\t\t\t<div class='gallery-icon portrait'>\n\t\t\t\t<a href='http:\/\/www.hotelcasasofia.com\/de\/img_9472'><img loading=\"lazy\" decoding=\"async\" width=\"225\" height=\"300\" src=\"http:\/\/www.hotelcasasofia.com\/wp-content\/uploads\/2019\/05\/IMG_9472-225x300.jpg\" class=\"attachment-medium size-medium\" alt=\"\" srcset=\"http:\/\/www.hotelcasasofia.com\/wp-content\/uploads\/2019\/05\/IMG_9472-225x300.jpg 225w, http:\/\/www.hotelcasasofia.com\/wp-content\/uploads\/2019\/05\/IMG_9472-768x1024.jpg 768w\" sizes=\"auto, (max-width: 225px) 100vw, 225px\" \/><\/a>\n\t\t\t<\/div><\/figure><figure class='gallery-item'>\n\t\t\t<div class='gallery-icon landscape'>\n\t\t\t\t<a href='http:\/\/www.hotelcasasofia.com\/de\/img_9473'><img loading=\"lazy\" decoding=\"async\" width=\"300\" height=\"168\" src=\"http:\/\/www.hotelcasasofia.com\/wp-content\/uploads\/2019\/05\/IMG_9473-300x168.jpg\" class=\"attachment-medium size-medium\" alt=\"\" srcset=\"http:\/\/www.hotelcasasofia.com\/wp-content\/uploads\/2019\/05\/IMG_9473-300x168.jpg 300w, http:\/\/www.hotelcasasofia.com\/wp-content\/uploads\/2019\/05\/IMG_9473-768x430.jpg 768w, http:\/\/www.hotelcasasofia.com\/wp-content\/uploads\/2019\/05\/IMG_9473-1024x574.jpg 1024w\" sizes=\"auto, (max-width: 300px) 100vw, 300px\" \/><\/a>\n\t\t\t<\/div><\/figure>\n\t\t<\/div>\n\n\n<div id='gallery-13' class='gallery galleryid-33 gallery-columns-2 gallery-size-medium'><figure class='gallery-item'>\n\t\t\t<div class='gallery-icon landscape'>\n\t\t\t\t<a href='http:\/\/www.hotelcasasofia.com\/de\/zimmer\/t5a'><img loading=\"lazy\" decoding=\"async\" width=\"300\" height=\"176\" src=\"http:\/\/www.hotelcasasofia.com\/wp-content\/uploads\/2018\/06\/T5a-300x176.jpg\" class=\"attachment-medium size-medium\" alt=\"\" aria-describedby=\"gallery-13-993\" srcset=\"http:\/\/www.hotelcasasofia.com\/wp-content\/uploads\/2018\/06\/T5a-300x176.jpg 300w, http:\/\/www.hotelcasasofia.com\/wp-content\/uploads\/2018\/06\/T5a-768x451.jpg 768w, http:\/\/www.hotelcasasofia.com\/wp-content\/uploads\/2018\/06\/T5a-1024x602.jpg 1024w\" sizes=\"auto, (max-width: 300px) 100vw, 300px\" \/><\/a>\n\t\t\t<\/div>\n\t\t\t\t<figcaption class='wp-caption-text gallery-caption' id='gallery-13-993'>\n\t\t\t\tTriple Deluxe\n\t\t\t\t<\/figcaption><\/figure>\n\t\t<\/div>\n\n\n<p>Eine Oase der Ruhe auch f\u00fcr Individualisten, absolute Stille f\u00fcr maximales Entspannen.<\/p>\n<p>Salon mit anspruchsvoller Bibliothek. Wi-Fi im ganzen Areal.<\/p>\n<p>Das reichhaltige Fr\u00fchst\u00fcck, auf der Terrasse mit Meerblick, garantiert einen guten Start in Ihren Tag.<\/p>\n<p>Kreditkarten akzeptiert.<\/p>\n<p>Zum Strand, den Thermal-Kuranlagen Aphrodite, der malerischen Piazzetta und zur Bushaltestelle 5-10 Minuten zu Fu\u00df.<\/p>\n<p>Weitere Angebote gegen Geb\u00fchr: F\u00fcr Gehbehinderte Fahrm\u00f6glichkeit. Organisierte Tagesausfl\u00fcge nach Capri, Napoli (Museen), Pompeji, Paestum, Vesuv, Herkulaneum, Cuma, Solfatara in Pozzuoli, Amalfik\u00fcste, Inselrundfahrt.<\/p>\n<p>Transfer vom und zum Flughafen bzw. Bahnhof.<\/p>\n<p>Ge\u00f6ffnet von M\u00e4rz bis November.<\/p>\n","protected":false},"excerpt":{"rendered":"<p>Zimmer mit Dusche\/WC, F\u00f6n, Pflegeprodukte, privat Balkon oder Terrasse f\u00fcr Schutz Covid-19, Meerblick, Klimaanlage (new 2018),\u00a0Sat-TV, Wi-Fi und Minibar (new 2019).\u00a0Stilvoll eingerichtet, exklusiv&#8230;.<\/p>\n","protected":false},"author":2,"featured_media":49,"parent":0,"menu_order":0,"comment_status":"closed","ping_status":"closed","template":"","meta":{"footnotes":""},"class_list":["post-33","page","type-page","status-publish","has-post-thumbnail","hentry"],"translation":{"provider":"WPGlobus","version":"3.0.2","language":"de","enabled_languages":["it","de","en","fr"],"languages":{"it":{"title":true,"content":true,"excerpt":false},"de":{"title":true,"content":true,"excerpt":false},"en":{"title":true,"content":true,"excerpt":false},"fr":{"title":true,"content":true,"excerpt":false}}},"_links":{"self":[{"href":"http:\/\/www.hotelcasasofia.com\/de\/wp-json\/wp\/v2\/pages\/33","targetHints":{"allow":["GET"]}}],"collection":[{"href":"http:\/\/www.hotelcasasofia.com\/de\/wp-json\/wp\/v2\/pages"}],"about":[{"href":"http:\/\/www.hotelcasasofia.com\/de\/wp-json\/wp\/v2\/types\/page"}],"author":[{"embeddable":true,"href":"http:\/\/www.hotelcasasofia.com\/de\/wp-json\/wp\/v2\/users\/2"}],"replies":[{"embeddable":true,"href":"http:\/\/www.hotelcasasofia.com\/de\/wp-json\/wp\/v2\/comments?post=33"}],"version-history":[{"count":249,"href":"http:\/\/www.hotelcasasofia.com\/de\/wp-json\/wp\/v2\/pages\/33\/revisions"}],"predecessor-version":[{"id":1551,"href":"http:\/\/www.hotelcasasofia.com\/de\/wp-json\/wp\/v2\/pages\/33\/revisions\/1551"}],"wp:featuredmedia":[{"embeddable":true,"href":"http:\/\/www.hotelcasasofia.com\/de\/wp-json\/wp\/v2\/media\/49"}],"wp:attachment":[{"href":"http:\/\/www.hotelcasasofia.com\/de\/wp-json\/wp\/v2\/media?parent=33"}],"curies":[{"name":"wp","href":"https:\/\/api.w.org\/{rel}","templated":true}]}}