{"id":33,"date":"2018-01-18T00:06:10","date_gmt":"2018-01-18T00:06:10","guid":{"rendered":"http:\/\/wordpress.hotelcasasofia.com\/?page_id=33"},"modified":"2020-05-27T17:52:33","modified_gmt":"2020-05-27T17:52:33","slug":"zimmer","status":"publish","type":"page","link":"http:\/\/www.hotelcasasofia.com\/fr\/zimmer","title":{"rendered":"Nos chambres"},"content":{"rendered":"<div id='gallery-1' class='gallery galleryid-33 gallery-columns-2 gallery-size-medium'><figure class='gallery-item'>\n\t\t\t<div class='gallery-icon landscape'>\n\t\t\t\t<a href='http:\/\/www.hotelcasasofia.com\/fr\/img_4718'><img loading=\"lazy\" decoding=\"async\" width=\"300\" height=\"225\" src=\"http:\/\/www.hotelcasasofia.com\/wp-content\/uploads\/2019\/05\/IMG_4718-300x225.jpg\" class=\"attachment-medium size-medium\" alt=\"\" aria-describedby=\"gallery-1-1074\" srcset=\"http:\/\/www.hotelcasasofia.com\/wp-content\/uploads\/2019\/05\/IMG_4718-300x225.jpg 300w, http:\/\/www.hotelcasasofia.com\/wp-content\/uploads\/2019\/05\/IMG_4718-768x576.jpg 768w, http:\/\/www.hotelcasasofia.com\/wp-content\/uploads\/2019\/05\/IMG_4718-1024x768.jpg 1024w\" sizes=\"auto, (max-width: 300px) 100vw, 300px\" \/><\/a>\n\t\t\t<\/div>\n\t\t\t\t<figcaption class='wp-caption-text gallery-caption' id='gallery-1-1074'>\n\t\t\t\tDouble Deluxe\n\t\t\t\t<\/figcaption><\/figure><figure class='gallery-item'>\n\t\t\t<div class='gallery-icon landscape'>\n\t\t\t\t<a href='http:\/\/www.hotelcasasofia.com\/fr\/img_4694'><img loading=\"lazy\" decoding=\"async\" width=\"300\" height=\"225\" src=\"http:\/\/www.hotelcasasofia.com\/wp-content\/uploads\/2018\/04\/IMG_4694-300x225.jpg\" class=\"attachment-medium size-medium\" alt=\"\" aria-describedby=\"gallery-1-723\" srcset=\"http:\/\/www.hotelcasasofia.com\/wp-content\/uploads\/2018\/04\/IMG_4694-300x225.jpg 300w, http:\/\/www.hotelcasasofia.com\/wp-content\/uploads\/2018\/04\/IMG_4694-768x576.jpg 768w, http:\/\/www.hotelcasasofia.com\/wp-content\/uploads\/2018\/04\/IMG_4694-1024x768.jpg 1024w, http:\/\/www.hotelcasasofia.com\/wp-content\/uploads\/2018\/04\/IMG_4694.jpg 2016w\" sizes=\"auto, (max-width: 300px) 100vw, 300px\" \/><\/a>\n\t\t\t<\/div>\n\t\t\t\t<figcaption class='wp-caption-text gallery-caption' id='gallery-1-723'>\n\t\t\t\tDouble Deluxe\n\t\t\t\t<\/figcaption><\/figure>\n\t\t<\/div>\n\n<div id='gallery-2' class='gallery galleryid-33 gallery-columns-2 gallery-size-medium'><figure class='gallery-item'>\n\t\t\t<div class='gallery-icon landscape'>\n\t\t\t\t<a href='http:\/\/www.hotelcasasofia.com\/fr\/img_9279'><img loading=\"lazy\" decoding=\"async\" width=\"300\" height=\"225\" src=\"http:\/\/www.hotelcasasofia.com\/wp-content\/uploads\/2019\/05\/IMG_9279-300x225.jpg\" class=\"attachment-medium size-medium\" alt=\"\" aria-describedby=\"gallery-2-1071\" srcset=\"http:\/\/www.hotelcasasofia.com\/wp-content\/uploads\/2019\/05\/IMG_9279-300x225.jpg 300w, http:\/\/www.hotelcasasofia.com\/wp-content\/uploads\/2019\/05\/IMG_9279-768x576.jpg 768w, http:\/\/www.hotelcasasofia.com\/wp-content\/uploads\/2019\/05\/IMG_9279-1024x768.jpg 1024w\" sizes=\"auto, (max-width: 300px) 100vw, 300px\" \/><\/a>\n\t\t\t<\/div>\n\t\t\t\t<figcaption class='wp-caption-text gallery-caption' id='gallery-2-1071'>\n\t\t\t\tDouble\/Triple Deluxe\n\t\t\t\t<\/figcaption><\/figure>\n\t\t<\/div>\n\n<div id='gallery-3' class='gallery galleryid-33 gallery-columns-2 gallery-size-medium'><figure class='gallery-item'>\n\t\t\t<div class='gallery-icon landscape'>\n\t\t\t\t<a href='http:\/\/www.hotelcasasofia.com\/fr\/zimmer\/_dsc7296_dxo'><img loading=\"lazy\" decoding=\"async\" width=\"300\" height=\"202\" src=\"http:\/\/www.hotelcasasofia.com\/wp-content\/uploads\/2018\/01\/DSC7296_DxO-300x202.jpg\" class=\"attachment-medium size-medium\" alt=\"\" aria-describedby=\"gallery-3-152\" srcset=\"http:\/\/www.hotelcasasofia.com\/wp-content\/uploads\/2018\/01\/DSC7296_DxO-300x202.jpg 300w, http:\/\/www.hotelcasasofia.com\/wp-content\/uploads\/2018\/01\/DSC7296_DxO-768x516.jpg 768w, http:\/\/www.hotelcasasofia.com\/wp-content\/uploads\/2018\/01\/DSC7296_DxO-1024x689.jpg 1024w\" sizes=\"auto, (max-width: 300px) 100vw, 300px\" \/><\/a>\n\t\t\t<\/div>\n\t\t\t\t<figcaption class='wp-caption-text gallery-caption' id='gallery-3-152'>\n\t\t\t\tDouble Deluxe\n\t\t\t\t<\/figcaption><\/figure>\n\t\t<\/div>\n\n<div id='gallery-4' class='gallery galleryid-33 gallery-columns-2 gallery-size-medium'><figure class='gallery-item'>\n\t\t\t<div class='gallery-icon portrait'>\n\t\t\t\t<a href='http:\/\/www.hotelcasasofia.com\/fr\/51716514'><img loading=\"lazy\" decoding=\"async\" width=\"199\" height=\"300\" src=\"http:\/\/www.hotelcasasofia.com\/wp-content\/uploads\/2019\/05\/51716514-199x300.jpg\" class=\"attachment-medium size-medium\" alt=\"\" aria-describedby=\"gallery-4-1099\" srcset=\"http:\/\/www.hotelcasasofia.com\/wp-content\/uploads\/2019\/05\/51716514-199x300.jpg 199w, http:\/\/www.hotelcasasofia.com\/wp-content\/uploads\/2019\/05\/51716514.jpg 598w\" sizes=\"auto, (max-width: 199px) 100vw, 199px\" \/><\/a>\n\t\t\t<\/div>\n\t\t\t\t<figcaption class='wp-caption-text gallery-caption' id='gallery-4-1099'>\n\t\t\t\t(new 2020)\n\t\t\t\t<\/figcaption><\/figure><figure class='gallery-item'>\n\t\t\t<div class='gallery-icon portrait'>\n\t\t\t\t<a href='http:\/\/www.hotelcasasofia.com\/fr\/zimmer\/attachment\/51715306'><img loading=\"lazy\" decoding=\"async\" width=\"199\" height=\"300\" src=\"http:\/\/www.hotelcasasofia.com\/wp-content\/uploads\/2018\/05\/51715306-199x300.jpg\" class=\"attachment-medium size-medium\" alt=\"\" aria-describedby=\"gallery-4-878\" srcset=\"http:\/\/www.hotelcasasofia.com\/wp-content\/uploads\/2018\/05\/51715306-199x300.jpg 199w, http:\/\/www.hotelcasasofia.com\/wp-content\/uploads\/2018\/05\/51715306.jpg 598w\" sizes=\"auto, (max-width: 199px) 100vw, 199px\" \/><\/a>\n\t\t\t<\/div>\n\t\t\t\t<figcaption class='wp-caption-text gallery-caption' id='gallery-4-878'>\n\t\t\t\t(new 2020)\n\t\t\t\t<\/figcaption><\/figure>\n\t\t<\/div>\n\n<p>Chambres avec douche \/ WC, balcon ou terrasse, vue sur la mer, s\u00e8che-cheveux, articles de toilette,<br \/>\nclimatisation <strong>(nouveau 2018)<\/strong>, TV satellite, Wi-Fi, mini-bar <strong>(nouveau 2019).<\/strong><\/p>\n<div id='gallery-5' class='gallery galleryid-33 gallery-columns-2 gallery-size-medium'><figure class='gallery-item'>\n\t\t\t<div class='gallery-icon landscape'>\n\t\t\t\t<a href='http:\/\/www.hotelcasasofia.com\/fr\/img_9285'><img loading=\"lazy\" decoding=\"async\" width=\"300\" height=\"225\" src=\"http:\/\/www.hotelcasasofia.com\/wp-content\/uploads\/2019\/05\/IMG_9285-300x225.jpg\" class=\"attachment-medium size-medium\" alt=\"\" aria-describedby=\"gallery-5-1072\" srcset=\"http:\/\/www.hotelcasasofia.com\/wp-content\/uploads\/2019\/05\/IMG_9285-300x225.jpg 300w, http:\/\/www.hotelcasasofia.com\/wp-content\/uploads\/2019\/05\/IMG_9285-768x576.jpg 768w, http:\/\/www.hotelcasasofia.com\/wp-content\/uploads\/2019\/05\/IMG_9285-1024x768.jpg 1024w\" sizes=\"auto, (max-width: 300px) 100vw, 300px\" \/><\/a>\n\t\t\t<\/div>\n\t\t\t\t<figcaption class='wp-caption-text gallery-caption' id='gallery-5-1072'>\n\t\t\t\tDouble\/Triple Deluxe\n\t\t\t\t<\/figcaption><\/figure>\n\t\t<\/div>\n\n<div id='gallery-6' class='gallery galleryid-33 gallery-columns-2 gallery-size-medium'><figure class='gallery-item'>\n\t\t\t<div class='gallery-icon landscape'>\n\t\t\t\t<a href='http:\/\/www.hotelcasasofia.com\/fr\/img_9224'><img loading=\"lazy\" decoding=\"async\" width=\"300\" height=\"225\" src=\"http:\/\/www.hotelcasasofia.com\/wp-content\/uploads\/2019\/05\/IMG_9224-300x225.jpg\" class=\"attachment-medium size-medium\" alt=\"\" srcset=\"http:\/\/www.hotelcasasofia.com\/wp-content\/uploads\/2019\/05\/IMG_9224-300x225.jpg 300w, http:\/\/www.hotelcasasofia.com\/wp-content\/uploads\/2019\/05\/IMG_9224-768x576.jpg 768w, http:\/\/www.hotelcasasofia.com\/wp-content\/uploads\/2019\/05\/IMG_9224-1024x768.jpg 1024w\" sizes=\"auto, (max-width: 300px) 100vw, 300px\" \/><\/a>\n\t\t\t<\/div><\/figure>\n\t\t<\/div>\n\n<div id='gallery-7' class='gallery galleryid-33 gallery-columns-2 gallery-size-medium'><figure class='gallery-item'>\n\t\t\t<div class='gallery-icon landscape'>\n\t\t\t\t<a href='http:\/\/www.hotelcasasofia.com\/fr\/img_9257'><img loading=\"lazy\" decoding=\"async\" width=\"300\" height=\"225\" src=\"http:\/\/www.hotelcasasofia.com\/wp-content\/uploads\/2019\/05\/IMG_9257-300x225.jpg\" class=\"attachment-medium size-medium\" alt=\"\" aria-describedby=\"gallery-7-1058\" srcset=\"http:\/\/www.hotelcasasofia.com\/wp-content\/uploads\/2019\/05\/IMG_9257-300x225.jpg 300w, http:\/\/www.hotelcasasofia.com\/wp-content\/uploads\/2019\/05\/IMG_9257-768x576.jpg 768w, http:\/\/www.hotelcasasofia.com\/wp-content\/uploads\/2019\/05\/IMG_9257-1024x768.jpg 1024w\" sizes=\"auto, (max-width: 300px) 100vw, 300px\" \/><\/a>\n\t\t\t<\/div>\n\t\t\t\t<figcaption class='wp-caption-text gallery-caption' id='gallery-7-1058'>\n\t\t\t\tTriple Deluxe (new 2019)\n\t\t\t\t<\/figcaption><\/figure>\n\t\t<\/div>\n\n<div id='gallery-8' class='gallery galleryid-33 gallery-columns-2 gallery-size-medium'><figure class='gallery-item'>\n\t\t\t<div class='gallery-icon landscape'>\n\t\t\t\t<a href='http:\/\/www.hotelcasasofia.com\/fr\/zimmer\/_dsc0758_dxo'><img loading=\"lazy\" decoding=\"async\" width=\"300\" height=\"199\" src=\"http:\/\/www.hotelcasasofia.com\/wp-content\/uploads\/2018\/02\/DSC0758_DxO-300x199.jpg\" class=\"attachment-medium size-medium\" alt=\"\" aria-describedby=\"gallery-8-377\" srcset=\"http:\/\/www.hotelcasasofia.com\/wp-content\/uploads\/2018\/02\/DSC0758_DxO-300x199.jpg 300w, http:\/\/www.hotelcasasofia.com\/wp-content\/uploads\/2018\/02\/DSC0758_DxO-768x510.jpg 768w, http:\/\/www.hotelcasasofia.com\/wp-content\/uploads\/2018\/02\/DSC0758_DxO-1024x680.jpg 1024w\" sizes=\"auto, (max-width: 300px) 100vw, 300px\" \/><\/a>\n\t\t\t<\/div>\n\t\t\t\t<figcaption class='wp-caption-text gallery-caption' id='gallery-8-377'>\n\t\t\t\t(new 2020)\n\n\t\t\t\t<\/figcaption><\/figure>\n\t\t<\/div>\n\n<div id='gallery-9' class='gallery galleryid-33 gallery-columns-2 gallery-size-medium'><figure class='gallery-item'>\n\t\t\t<div class='gallery-icon portrait'>\n\t\t\t\t<a href='http:\/\/www.hotelcasasofia.com\/fr\/img_7503'><img loading=\"lazy\" decoding=\"async\" width=\"225\" height=\"300\" src=\"http:\/\/www.hotelcasasofia.com\/wp-content\/uploads\/2019\/05\/IMG_7503-e1556978192995-225x300.jpg\" class=\"attachment-medium size-medium\" alt=\"\" aria-describedby=\"gallery-9-1083\" srcset=\"http:\/\/www.hotelcasasofia.com\/wp-content\/uploads\/2019\/05\/IMG_7503-e1556978192995-225x300.jpg 225w, http:\/\/www.hotelcasasofia.com\/wp-content\/uploads\/2019\/05\/IMG_7503-e1556978192995-768x1024.jpg 768w\" sizes=\"auto, (max-width: 225px) 100vw, 225px\" \/><\/a>\n\t\t\t<\/div>\n\t\t\t\t<figcaption class='wp-caption-text gallery-caption' id='gallery-9-1083'>\n\t\t\t\tDouble Deluxe \n\t\t\t\t<\/figcaption><\/figure>\n\t\t<\/div>\n\n\n<div id='gallery-11' class='gallery galleryid-33 gallery-columns-2 gallery-size-medium'><figure class='gallery-item'>\n\t\t\t<div class='gallery-icon portrait'>\n\t\t\t\t<a href='http:\/\/www.hotelcasasofia.com\/fr\/img_9472'><img loading=\"lazy\" decoding=\"async\" width=\"225\" height=\"300\" src=\"http:\/\/www.hotelcasasofia.com\/wp-content\/uploads\/2019\/05\/IMG_9472-225x300.jpg\" class=\"attachment-medium size-medium\" alt=\"\" srcset=\"http:\/\/www.hotelcasasofia.com\/wp-content\/uploads\/2019\/05\/IMG_9472-225x300.jpg 225w, http:\/\/www.hotelcasasofia.com\/wp-content\/uploads\/2019\/05\/IMG_9472-768x1024.jpg 768w\" sizes=\"auto, (max-width: 225px) 100vw, 225px\" \/><\/a>\n\t\t\t<\/div><\/figure><figure class='gallery-item'>\n\t\t\t<div class='gallery-icon landscape'>\n\t\t\t\t<a href='http:\/\/www.hotelcasasofia.com\/fr\/img_9473'><img loading=\"lazy\" decoding=\"async\" width=\"300\" height=\"168\" src=\"http:\/\/www.hotelcasasofia.com\/wp-content\/uploads\/2019\/05\/IMG_9473-300x168.jpg\" class=\"attachment-medium size-medium\" alt=\"\" srcset=\"http:\/\/www.hotelcasasofia.com\/wp-content\/uploads\/2019\/05\/IMG_9473-300x168.jpg 300w, http:\/\/www.hotelcasasofia.com\/wp-content\/uploads\/2019\/05\/IMG_9473-768x430.jpg 768w, http:\/\/www.hotelcasasofia.com\/wp-content\/uploads\/2019\/05\/IMG_9473-1024x574.jpg 1024w\" sizes=\"auto, (max-width: 300px) 100vw, 300px\" \/><\/a>\n\t\t\t<\/div><\/figure>\n\t\t<\/div>\n\n\n<div id='gallery-13' class='gallery galleryid-33 gallery-columns-2 gallery-size-medium'><figure class='gallery-item'>\n\t\t\t<div class='gallery-icon landscape'>\n\t\t\t\t<a href='http:\/\/www.hotelcasasofia.com\/fr\/zimmer\/t5a'><img loading=\"lazy\" decoding=\"async\" width=\"300\" height=\"176\" src=\"http:\/\/www.hotelcasasofia.com\/wp-content\/uploads\/2018\/06\/T5a-300x176.jpg\" class=\"attachment-medium size-medium\" alt=\"\" aria-describedby=\"gallery-13-993\" srcset=\"http:\/\/www.hotelcasasofia.com\/wp-content\/uploads\/2018\/06\/T5a-300x176.jpg 300w, http:\/\/www.hotelcasasofia.com\/wp-content\/uploads\/2018\/06\/T5a-768x451.jpg 768w, http:\/\/www.hotelcasasofia.com\/wp-content\/uploads\/2018\/06\/T5a-1024x602.jpg 1024w\" sizes=\"auto, (max-width: 300px) 100vw, 300px\" \/><\/a>\n\t\t\t<\/div>\n\t\t\t\t<figcaption class='wp-caption-text gallery-caption' id='gallery-13-993'>\n\t\t\t\tTriple Deluxe\n\t\t\t\t<\/figcaption><\/figure>\n\t\t<\/div>\n\n\n<p>Un lieux tr\u00e9s cultiv\u00e9, une oasis de paix pour les individualistes, un silence absolu pour un maximum de d\u00e9tente.<\/p>\n<p>Le petit d\u00e9jeuner complet garantit un bon d\u00e9but de votre journ\u00e9e.<\/p>\n<p>Cartes de cr\u00e9dit accept\u00e9es.<\/p>\n<p>On arrive \u00e0 la plage, les thermes, la pittoresque Piazzetta et l&#8217;arr\u00eat de bus en 5-10 minutes au pied.<\/p>\n<p>Autres offres payants: personnes en situation de handicap, organisation de transport, excursions d&#8217;une journ\u00e9e organis\u00e9e \u00e0 Capri, Naples (mus\u00e9es), Pomp\u00e9i, Paestum, le V\u00e9suve, Herculanum, Cumes, la Solfatara \u00e0 Pozzuoli, C\u00f4te amalfitaine, tour de l&#8217;\u00eele.<\/p>\n<p>Transfers vers et depuis la gare ou l&#8217;a\u00e9roport. Ouvert de Mars \u00e0 Novembre.<\/p>\n","protected":false},"excerpt":{"rendered":"<p>Chambres avec douche \/ WC, balcon ou terrasse, vue sur la mer, s\u00e8che-cheveux, articles de toilette, climatisation (nouveau 2018), TV satellite, Wi-Fi, mini-bar&#8230;<\/p>\n","protected":false},"author":2,"featured_media":49,"parent":0,"menu_order":0,"comment_status":"closed","ping_status":"closed","template":"","meta":{"footnotes":""},"class_list":["post-33","page","type-page","status-publish","has-post-thumbnail","hentry"],"translation":{"provider":"WPGlobus","version":"3.0.2","language":"fr","enabled_languages":["it","de","en","fr"],"languages":{"it":{"title":true,"content":true,"excerpt":false},"de":{"title":true,"content":true,"excerpt":false},"en":{"title":true,"content":true,"excerpt":false},"fr":{"title":true,"content":true,"excerpt":false}}},"_links":{"self":[{"href":"http:\/\/www.hotelcasasofia.com\/fr\/wp-json\/wp\/v2\/pages\/33","targetHints":{"allow":["GET"]}}],"collection":[{"href":"http:\/\/www.hotelcasasofia.com\/fr\/wp-json\/wp\/v2\/pages"}],"about":[{"href":"http:\/\/www.hotelcasasofia.com\/fr\/wp-json\/wp\/v2\/types\/page"}],"author":[{"embeddable":true,"href":"http:\/\/www.hotelcasasofia.com\/fr\/wp-json\/wp\/v2\/users\/2"}],"replies":[{"embeddable":true,"href":"http:\/\/www.hotelcasasofia.com\/fr\/wp-json\/wp\/v2\/comments?post=33"}],"version-history":[{"count":249,"href":"http:\/\/www.hotelcasasofia.com\/fr\/wp-json\/wp\/v2\/pages\/33\/revisions"}],"predecessor-version":[{"id":1551,"href":"http:\/\/www.hotelcasasofia.com\/fr\/wp-json\/wp\/v2\/pages\/33\/revisions\/1551"}],"wp:featuredmedia":[{"embeddable":true,"href":"http:\/\/www.hotelcasasofia.com\/fr\/wp-json\/wp\/v2\/media\/49"}],"wp:attachment":[{"href":"http:\/\/www.hotelcasasofia.com\/fr\/wp-json\/wp\/v2\/media?parent=33"}],"curies":[{"name":"wp","href":"https:\/\/api.w.org\/{rel}","templated":true}]}}