{"id":143,"date":"2018-01-20T01:07:23","date_gmt":"2018-01-20T01:07:23","guid":{"rendered":"http:\/\/wordpress.hotelcasasofia.com\/?page_id=143"},"modified":"2018-02-08T05:31:26","modified_gmt":"2018-02-08T05:31:26","slug":"ischia","status":"publish","type":"page","link":"https:\/\/www.hotelcasasofia.com\/de\/ischia","title":{"rendered":"Die Insel Ischia"},"content":{"rendered":"<div class=\"row-fluid\">\n<div class=\"row-fluid\">\n<div class=\"item-page\">\n<div>\n<div id='gallery-1' class='gallery galleryid-143 gallery-columns-2 gallery-size-medium'><figure class='gallery-item'>\n\t\t\t<div class='gallery-icon landscape'>\n\t\t\t\t<a href='https:\/\/www.hotelcasasofia.com\/de\/ischia\/img_2677'><img loading=\"lazy\" decoding=\"async\" width=\"300\" height=\"225\" src=\"https:\/\/www.hotelcasasofia.com\/wp-content\/uploads\/2018\/02\/IMG_2677-300x225.jpg\" class=\"attachment-medium size-medium\" alt=\"\" srcset=\"https:\/\/www.hotelcasasofia.com\/wp-content\/uploads\/2018\/02\/IMG_2677-300x225.jpg 300w, https:\/\/www.hotelcasasofia.com\/wp-content\/uploads\/2018\/02\/IMG_2677-768x576.jpg 768w, https:\/\/www.hotelcasasofia.com\/wp-content\/uploads\/2018\/02\/IMG_2677.jpg 960w\" sizes=\"auto, (max-width: 300px) 100vw, 300px\" \/><\/a>\n\t\t\t<\/div><\/figure><figure class='gallery-item'>\n\t\t\t<div class='gallery-icon landscape'>\n\t\t\t\t<a href='https:\/\/www.hotelcasasofia.com\/de\/ischia\/img_2678'><img loading=\"lazy\" decoding=\"async\" width=\"300\" height=\"225\" src=\"https:\/\/www.hotelcasasofia.com\/wp-content\/uploads\/2018\/02\/IMG_2678-300x225.jpg\" class=\"attachment-medium size-medium\" alt=\"\" srcset=\"https:\/\/www.hotelcasasofia.com\/wp-content\/uploads\/2018\/02\/IMG_2678-300x225.jpg 300w, https:\/\/www.hotelcasasofia.com\/wp-content\/uploads\/2018\/02\/IMG_2678-768x576.jpg 768w, https:\/\/www.hotelcasasofia.com\/wp-content\/uploads\/2018\/02\/IMG_2678.jpg 960w\" sizes=\"auto, (max-width: 300px) 100vw, 300px\" \/><\/a>\n\t\t\t<\/div><\/figure>\n\t\t<\/div>\n\n<div id='gallery-2' class='gallery galleryid-143 gallery-columns-2 gallery-size-medium'><figure class='gallery-item'>\n\t\t\t<div class='gallery-icon landscape'>\n\t\t\t\t<a href='https:\/\/www.hotelcasasofia.com\/de\/ischia\/img_2680'><img loading=\"lazy\" decoding=\"async\" width=\"300\" height=\"225\" src=\"https:\/\/www.hotelcasasofia.com\/wp-content\/uploads\/2018\/02\/IMG_2680-300x225.jpg\" class=\"attachment-medium size-medium\" alt=\"\" srcset=\"https:\/\/www.hotelcasasofia.com\/wp-content\/uploads\/2018\/02\/IMG_2680-300x225.jpg 300w, https:\/\/www.hotelcasasofia.com\/wp-content\/uploads\/2018\/02\/IMG_2680-768x576.jpg 768w, https:\/\/www.hotelcasasofia.com\/wp-content\/uploads\/2018\/02\/IMG_2680.jpg 960w\" sizes=\"auto, (max-width: 300px) 100vw, 300px\" \/><\/a>\n\t\t\t<\/div><\/figure><figure class='gallery-item'>\n\t\t\t<div class='gallery-icon landscape'>\n\t\t\t\t<a href='https:\/\/www.hotelcasasofia.com\/de\/ischia\/attachment\/12'><img loading=\"lazy\" decoding=\"async\" width=\"300\" height=\"225\" src=\"https:\/\/www.hotelcasasofia.com\/wp-content\/uploads\/2018\/02\/12-300x225.jpg\" class=\"attachment-medium size-medium\" alt=\"\" srcset=\"https:\/\/www.hotelcasasofia.com\/wp-content\/uploads\/2018\/02\/12-300x225.jpg 300w, https:\/\/www.hotelcasasofia.com\/wp-content\/uploads\/2018\/02\/12-768x576.jpg 768w, https:\/\/www.hotelcasasofia.com\/wp-content\/uploads\/2018\/02\/12.jpg 800w\" sizes=\"auto, (max-width: 300px) 100vw, 300px\" \/><\/a>\n\t\t\t<\/div><\/figure>\n\t\t<\/div>\n\n<p><strong>Geografie<\/strong><\/p>\n<p>Ischia ist die gr\u00f6sste Insel im Golf von Neapel und die Hauptinsel der Phlegr\u00e4ischen Inseln.<\/p>\n<p>Die h\u00f6chste Erhebung ist der Monte Epomeo mit 789 m.<\/p>\n<p>Die Insel hat 62.000 Einwohner und ist in sechs Gemeinden aufgeteilt: Ischia (mit den Ortsteilen Porto und Ponte), Casamicciola Terme, Lacco Ameno, Forio, Serrara Fontana und Barano.<\/p>\n<p>Ischia Porto ist der wirtschaftliche Mittelpunkt der Insel, da hier auch der wesentliche F\u00e4hrverkehr zwischen der Insel und dem Festland abgewickelt wird und Forio das kulturelle Zentrum.<\/p>\n<p>Die Fl\u00e4che Ischias betr\u00e4gt ca. 46,4 km\u00b2. Der Inselumfang liegt bei ca. 34 km.<\/p>\n<p>Durch den vulkanischen Ursprung der Insel ist ein hoher Artenreichtum vorhanden. Fast \u00fcberall sind Eidechsen und Geckos anzutreffen. Zahlreiche Schmetterlings- und andere Insektenarten lassen sich beobachten.<\/p>\n<p>Der Norden der Insel ist dichter bewachsen, und durch das Klima bedingt wachsen viele Kulturpflanzen sehr gut (Wein, Tomaten, Zitronen, Feigen, Granat\u00e4pfel, Datteln). Die Insel wird intensiv bis in steile Regionen bewirtschaftet.<\/p>\n<p>An der S\u00fcdk\u00fcste befindet sich die Perle Ischias: S. ANGELO, wo das Hotel Casa Sofia oberhalb vom Meer liegt. Ein altes Fischerdorf &#8211; der einzige Ort der Insel ohne Autoverkehr. Eine Oase der Ruhe und ein von internationalem Publikum gern frequentierter Ort mit 600 Einwohnern &#8211; ein Geheimtipp f\u00fcr Individualisten.<\/p>\n<div id='gallery-3' class='gallery galleryid-143 gallery-columns-2 gallery-size-medium'><figure class='gallery-item'>\n\t\t\t<div class='gallery-icon landscape'>\n\t\t\t\t<a href='https:\/\/www.hotelcasasofia.com\/de\/ischia\/attachment\/11'><img loading=\"lazy\" decoding=\"async\" width=\"300\" height=\"180\" src=\"https:\/\/www.hotelcasasofia.com\/wp-content\/uploads\/2018\/02\/11-300x180.jpg\" class=\"attachment-medium size-medium\" alt=\"\" srcset=\"https:\/\/www.hotelcasasofia.com\/wp-content\/uploads\/2018\/02\/11-300x180.jpg 300w, https:\/\/www.hotelcasasofia.com\/wp-content\/uploads\/2018\/02\/11-768x462.jpg 768w, https:\/\/www.hotelcasasofia.com\/wp-content\/uploads\/2018\/02\/11-1024x616.jpg 1024w, https:\/\/www.hotelcasasofia.com\/wp-content\/uploads\/2018\/02\/11.jpg 1280w\" sizes=\"auto, (max-width: 300px) 100vw, 300px\" \/><\/a>\n\t\t\t<\/div><\/figure>\n\t\t<\/div>\n\n<div id='gallery-4' class='gallery galleryid-143 gallery-columns-2 gallery-size-medium'><figure class='gallery-item'>\n\t\t\t<div class='gallery-icon landscape'>\n\t\t\t\t<a href='https:\/\/www.hotelcasasofia.com\/de\/_dsc2880'><img loading=\"lazy\" decoding=\"async\" width=\"300\" height=\"199\" src=\"https:\/\/www.hotelcasasofia.com\/wp-content\/uploads\/2018\/01\/DSC2880-300x199.jpg\" class=\"attachment-medium size-medium\" alt=\"\" srcset=\"https:\/\/www.hotelcasasofia.com\/wp-content\/uploads\/2018\/01\/DSC2880-300x199.jpg 300w, https:\/\/www.hotelcasasofia.com\/wp-content\/uploads\/2018\/01\/DSC2880-768x510.jpg 768w, https:\/\/www.hotelcasasofia.com\/wp-content\/uploads\/2018\/01\/DSC2880-1024x681.jpg 1024w, https:\/\/www.hotelcasasofia.com\/wp-content\/uploads\/2018\/01\/DSC2880.jpg 2048w\" sizes=\"auto, (max-width: 300px) 100vw, 300px\" \/><\/a>\n\t\t\t<\/div><\/figure><figure class='gallery-item'>\n\t\t\t<div class='gallery-icon landscape'>\n\t\t\t\t<a href='https:\/\/www.hotelcasasofia.com\/de\/ischia\/attachment\/102551110'><img loading=\"lazy\" decoding=\"async\" width=\"300\" height=\"225\" src=\"https:\/\/www.hotelcasasofia.com\/wp-content\/uploads\/2018\/02\/102551110-300x225.jpg\" class=\"attachment-medium size-medium\" alt=\"\" srcset=\"https:\/\/www.hotelcasasofia.com\/wp-content\/uploads\/2018\/02\/102551110-300x225.jpg 300w, https:\/\/www.hotelcasasofia.com\/wp-content\/uploads\/2018\/02\/102551110-768x576.jpg 768w, https:\/\/www.hotelcasasofia.com\/wp-content\/uploads\/2018\/02\/102551110.jpg 960w\" sizes=\"auto, (max-width: 300px) 100vw, 300px\" \/><\/a>\n\t\t\t<\/div><\/figure>\n\t\t<\/div>\n\n<div id='gallery-5' class='gallery galleryid-143 gallery-columns-2 gallery-size-medium'><figure class='gallery-item'>\n\t\t\t<div class='gallery-icon landscape'>\n\t\t\t\t<a href='https:\/\/www.hotelcasasofia.com\/de\/_dsc2887'><img loading=\"lazy\" decoding=\"async\" width=\"300\" height=\"199\" src=\"https:\/\/www.hotelcasasofia.com\/wp-content\/uploads\/2018\/01\/DSC2887-300x199.jpg\" class=\"attachment-medium size-medium\" alt=\"\" srcset=\"https:\/\/www.hotelcasasofia.com\/wp-content\/uploads\/2018\/01\/DSC2887-300x199.jpg 300w, https:\/\/www.hotelcasasofia.com\/wp-content\/uploads\/2018\/01\/DSC2887-768x510.jpg 768w, https:\/\/www.hotelcasasofia.com\/wp-content\/uploads\/2018\/01\/DSC2887-1024x681.jpg 1024w, https:\/\/www.hotelcasasofia.com\/wp-content\/uploads\/2018\/01\/DSC2887.jpg 2048w\" sizes=\"auto, (max-width: 300px) 100vw, 300px\" \/><\/a>\n\t\t\t<\/div><\/figure>\n\t\t<\/div>\n\n<p><strong>Geschichte<\/strong><\/p>\n<p>Inselwunder Ischia &#8211; gestern und heute<\/p>\n<p>Vor etwa 30 Millionen Jahren brach aus der um die 1000 Grad heissen Magmaschicht, auf der noch heute der ganze Golf von Neapel schwimmt, eine gewaltige Masse gl\u00fchender Lava durch das Meer nach oben. Die Insel mit den vielen Namen- ARIMA, PITHEKOUSSAI, AENARIA, ISCLA, ISCHIA &#8211; wurde in tausendj\u00e4hrigen Wehen geboren. Es gab immer wieder Erdbeben, Erdrutsche, Vulkanausbr\u00fcche,Spaltungen und Lavastr\u00f6me, die das Bild der Insel modellierten. Ischia besteht nur aus Eruptivgestein der verschiedensten H\u00e4rten und Farbschattierungen zwischen schwarz, braun, gr\u00fcn und gelb. Den gelben Tuff kann man mit einer Gabel zerkratzen, die schwere Lava dagegen kaum mit einer Hacke in St\u00fccke schlagen. Die schwefeligen D\u00e4mpfe des Untergrundes des gl\u00fchenden Magma brechen vieleorts durch die Gesteinkrusten. Wo unterirdisch Wasser in die Feueradern eintritt, wird es erhitzt und durch heisse Font\u00e4nen ins Freie geschossen. Die Insel sinkt fast gleichm\u00e4ssig Jahr f\u00fcr Jahr um ein paar Millimeter ins Meer und damit ins Magma zur\u00fcck. Reste griechischer Ansiedlungen wurde in 6 Meter Tiefe auf dem Meeresgrund nahe der K\u00fcste entdeckt.<\/p>\n<p><strong>Kultur und Sehensw\u00fcrdigkeiten<\/strong><\/p>\n<p>Besonders sehenswert ist das <a class=\"western\" href=\"http:\/\/de.wikipedia.org\/wiki\/Castello_Aragonese_{5792e73645ed43cb4f0ff082975e14d1bcae01cc7b7639840c9e56ff16e008a1}28Ischia{5792e73645ed43cb4f0ff082975e14d1bcae01cc7b7639840c9e56ff16e008a1}29\" target=\"_blank\" rel=\"noopener\">Castello Aragonese<\/a> in Ischia Ponte. Die auf einem Felsen \u2013 knapp vor der K\u00fcste \u2013 liegende Festung ist in verschiedener Hinsicht sehenswert. Zum einen wurde auf dem Felsen ein wundersch\u00f6ner Garten mit Olivenb\u00e4umen, Oleander, Kakteen, Palmen und vielen weiteren Pflanzen angelegt, zum anderen ist der historische Hintergrund sehr interessant. Die Festung, die heute im Privatbesitz ist und besichtigt werden kann, wurde seit dem 12. Jahrhundert von vielen Eroberern eingenommen und besetzt. Im Mittelalter wohnten zu Spitzenzeiten 1890 Familien sowie Nonnen, Priester und F\u00fcrsten auf dem Felsen. So sehenswert wie makaber ist die Nonnengruft. Hier wurden in einem kleinen Gew\u00f6lbe entlang der W\u00e4nde gemauerte Sessel errichtet. Diese hatten in der Sitzfl\u00e4che eine \u00d6ffnung. Verstarb nun eine Nonne, wurde der Leichnam auf einen solchen Sessel gesetzt und verweste in dieser Haltung. Die dabei entweichenden K\u00f6rperfl\u00fcssigkeiten flossen durch die \u00d6ffnung in der Sitzfl\u00e4che und tropften in ein spezielles Gef\u00e4\u00df, welches unter dem Sessel platziert wurde. War der Leichnam vollst\u00e4ndig skelettiert, wurde dieser in einen besonderen Knochenraum gebracht. Problematisch an dieser ganzen Sache war, dass die lebenden Nonnen t\u00e4glich mehrere Stunden in dieser Gruft zum Meditieren \u00fcber den Tod verbrachten. Durch die schlechte Luft und das teilweise vergiftete Klima in der Nonnengruft verstarben viele Nonnen fr\u00fchzeitig.<\/p>\n<p>Nicht zu verpassen ist ein Ausflug in das Archeologische Museum in Lacco Ameno, info unter: <a class=\"western\" href=\"http:\/\/pithecusae.it\/\" target=\"_blank\" rel=\"noopener\">http:\/\/pithecusae.it<\/a> In der Ausstellung befindet sich auch der ber\u00fchmte \u201e<a class=\"western\" href=\"http:\/\/hotelcasasofia.com\/index.php\/de\/home-6#Der_.E2.80.9CNestorbecher.E2.80.9D_von_Ischia\" target=\"_blank\" rel=\"noopener\">Nestorbecher<\/a>\u201c, mit der \u00e4ltesten bekannten Inschrift in <a class=\"western\" href=\"http:\/\/de.wikipedia.org\/wiki\/Griechisches_Alphabet\" target=\"_blank\" rel=\"noopener\">griechischer Schrift<\/a>.<\/p>\n<p>In jeder Inselortschaft gibt es sehr ansehnlich Kirchen: z.B die Seefahrerkirche Soccorso in Forio oder die Santa Restituta in Lacco Ameno, unter der es noch weitere Ausgrabungen zu bestaunen gibt. Sant Angelo feiert seinen Erzengel Michele am 29. September mit einer Prozession sowohl auf dem Land als auch auf dem Meer. Zum Abschluss gibt es ein aussergewoehnliches Feuerwerk-Spektakel.<\/p>\n<p>La Mortella, info unter: <a class=\"western\" href=\"http:\/\/www.lamortella.org\/\" target=\"_blank\" rel=\"noopener\">http:\/\/www.lamortella.org<\/a> f\u00fcr Pflanzenliebhaber ein grosser botanischer Garten, Konzerte klassischer Musik.<\/p>\n<p>Das besondere Licht und die inspirierende Umgebung begeistert nicht nur Hobbymaler. Hier einige beruehmte Maler, deren Werke von der Insel zu bewundern sind:<\/p>\n<ul>\n<li>Karl Schneider (1908-1994)<\/li>\n<li>Ernst Bursche (1907-1989)<\/li>\n<li>Hugo Kissling (1910)<\/li>\n<li>Hans-Peter Kirchpfenning (1928-1996)<\/li>\n<li>Ulrich Neujahr (1898-1977)<\/li>\n<li>Werner Held<\/li>\n<li>Thomas Niederreuther (1909-1989)<\/li>\n<li>Albert Ferenz<\/li>\n<li>Otto Niesmann<\/li>\n<li>Arkady Kusmin<\/li>\n<li>Wernhera Sert\u00fcrner<\/li>\n<\/ul>\n<p>Auch was Filme betrifft ist Ischia weltber\u00fchmt: Auf Ischia spielt die bekannte Filmkom\u00f6die <a class=\"western\" href=\"http:\/\/de.wikipedia.org\/wiki\/Avanti,_Avanti\" target=\"_blank\" rel=\"noopener\">Avanti, Avanti<\/a> aus dem Jahr 1972 von <a class=\"western\" href=\"http:\/\/de.wikipedia.org\/wiki\/Billy_Wilder\" target=\"_blank\" rel=\"noopener\">Billy Wilder<\/a>, die ein folkloristisches Bild der Insel zu Beginn der 70er Jahre des 20. Jahrhunderts zeichnet.<\/p>\n<p>In weiteren Filmen diente Ischia als Drehort und Kulisse.<\/p>\n<p>1952 <a class=\"western\" href=\"http:\/\/de.wikipedia.org\/wiki\/Der_rote_Korsar_{5792e73645ed43cb4f0ff082975e14d1bcae01cc7b7639840c9e56ff16e008a1}28Film{5792e73645ed43cb4f0ff082975e14d1bcae01cc7b7639840c9e56ff16e008a1}29\" target=\"_blank\" rel=\"noopener\">Der rote Korsar<\/a> (The Crimson Pirate, USA)<\/p>\n<p>1957 spielte <a class=\"western\" href=\"http:\/\/de.wikipedia.org\/wiki\/Romy_Schneider\" target=\"_blank\" rel=\"noopener\">Romy Schneider<\/a> in <a class=\"western\" href=\"http:\/\/de.wikipedia.org\/wiki\/Scampolo\" target=\"_blank\" rel=\"noopener\">Scampolo<\/a> eine naive junge Frau, die dem gro\u00dfen Architekten Signore Costa den Kopf verdreht.<\/p>\n<p>1959 wurde der Film <a class=\"western\" href=\"http:\/\/de.wikipedia.org\/wiki\/Nur_die_Sonne_war_Zeuge\" target=\"_blank\" rel=\"noopener\">Nur die Sonne war Zeuge<\/a> (Plein Soleil, F\/I) mit <a class=\"western\" href=\"http:\/\/de.wikipedia.org\/wiki\/Alain_Delon\" target=\"_blank\" rel=\"noopener\">Alain Delon<\/a> in der Hauptrolle zum gro\u00dfen Teil auf Ischia gedreht. Ischia repr\u00e4sentiert dabei den fiktiven Ort <i>Mongibello<\/i>. Auch das <a class=\"western\" href=\"http:\/\/de.wikipedia.org\/wiki\/Remake\" target=\"_blank\" rel=\"noopener\">Remake<\/a> <a class=\"western\" href=\"http:\/\/de.wikipedia.org\/wiki\/Der_talentierte_Mr._Ripley_{5792e73645ed43cb4f0ff082975e14d1bcae01cc7b7639840c9e56ff16e008a1}28Film{5792e73645ed43cb4f0ff082975e14d1bcae01cc7b7639840c9e56ff16e008a1}29\" target=\"_blank\" rel=\"noopener\">Der talentierte Mr. Ripley<\/a> (The Talented Mr. Ripley, USA 1999) wurde auf Ischia gedreht.<\/p>\n<p>1961 <a class=\"western\" href=\"http:\/\/de.wikipedia.org\/wiki\/Freddy_und_der_Million{5792e73645ed43cb4f0ff082975e14d1bcae01cc7b7639840c9e56ff16e008a1}C3{5792e73645ed43cb4f0ff082975e14d1bcae01cc7b7639840c9e56ff16e008a1}A4r\" target=\"_blank\" rel=\"noopener\">Freddy und der Million\u00e4r<\/a>, eine deutsch\/italienische Filmkom\u00f6die mit Freddy Quinn und Heinz Erhardt.<\/p>\n<p>1963 dann <a class=\"western\" href=\"http:\/\/de.wikipedia.org\/wiki\/Cleopatra_{5792e73645ed43cb4f0ff082975e14d1bcae01cc7b7639840c9e56ff16e008a1}281963{5792e73645ed43cb4f0ff082975e14d1bcae01cc7b7639840c9e56ff16e008a1}29\" target=\"_blank\" rel=\"noopener\">Cleopatra<\/a> mit <a class=\"western\" href=\"http:\/\/de.wikipedia.org\/wiki\/Elizabeth_Taylor\" target=\"_blank\" rel=\"noopener\">Liz Taylor<\/a> und <a class=\"western\" href=\"http:\/\/de.wikipedia.org\/wiki\/Richard_Burton\" target=\"_blank\" rel=\"noopener\">Richard Burton<\/a>. In diesen Filmen wurde vor allem das Castello als historische Kulisse genutzt.<\/p>\n<p>1966 dient St. Angelo, im S\u00fcden der Insel gelegen, als Kulisse f\u00fcr Szenen des fiktiven K\u00fcstenortes &#8222;Sevalio&#8220; in dem Film <a class=\"western\" href=\"http:\/\/de.wikipedia.org\/wiki\/Jagt_den_Fuchs{5792e73645ed43cb4f0ff082975e14d1bcae01cc7b7639840c9e56ff16e008a1}21\" target=\"_blank\" rel=\"noopener\">Jagt den Fuchs!<\/a> (Caccia alla volpe, F\/GB\/I) mit <a class=\"western\" href=\"http:\/\/de.wikipedia.org\/wiki\/Peter_Sellers\" target=\"_blank\" rel=\"noopener\">Peter Sellers<\/a> und <a class=\"western\" href=\"http:\/\/de.wikipedia.org\/wiki\/Britt_Ekland\" target=\"_blank\" rel=\"noopener\">Britt Ekland<\/a>.<\/p>\n<h3 class=\"western\"><strong>B\u00fccher mit dem Thema Ischia<\/strong><\/h3>\n<ul>\n<li>Eva Maria Arnold: <i>Ischia \u2013 Insel des Gl\u00fccks<\/i><\/li>\n<li>Christine Br\u00fcckner: <i>Letztes Jahr auf Ischia<\/i>\u00b4<\/li>\n<li>Truman Capote: <i>Ischia<\/i> (<i>Reiseerz\u00e4hlung<\/i>)<\/li>\n<li>Erri DeLuca: <i>Das Meer der Erinnerung<\/i><\/li>\n<li>Edgar Kupfer-Koberwitz: <i>Ischia, die vergessene Insel<\/i><\/li>\n<li>Evelyna Larossa: <i>Ischia &#8211; Die Ferieng\u00e4ste und ich<\/i>, <i>Diesmal mu\u00df es Ischia sein!<\/i> \u2013 geschrieben aus der Sicht einer Reiseleiterin<\/li>\n<li>Maria Werthammer: <i>Mein Ischia<\/i><\/li>\n<li>Hans Dieter Eheim: <i>Der Ginsterberg, Leben in Sant&#8217;Angelo d&#8217;Ischia<\/i><\/li>\n<li>Paul Buchner: &#8222;Gast auf Ischia&#8220;<\/li>\n<\/ul>\n<\/div>\n<\/div>\n<div class=\"clearfix\"><\/div>\n<\/div>\n<\/div>\n","protected":false},"excerpt":{"rendered":"<p>Geografie Ischia ist die gr\u00f6sste Insel im Golf von Neapel und die Hauptinsel der Phlegr\u00e4ischen Inseln. Die h\u00f6chste Erhebung ist der Monte Epomeo&#8230;<\/p>\n","protected":false},"author":2,"featured_media":0,"parent":0,"menu_order":0,"comment_status":"closed","ping_status":"closed","template":"","meta":{"footnotes":""},"class_list":["post-143","page","type-page","status-publish","hentry"],"translation":{"provider":"WPGlobus","version":"3.0.2","language":"de","enabled_languages":["it","de","en","fr"],"languages":{"it":{"title":true,"content":true,"excerpt":false},"de":{"title":true,"content":true,"excerpt":false},"en":{"title":true,"content":true,"excerpt":false},"fr":{"title":true,"content":true,"excerpt":false}}},"_links":{"self":[{"href":"https:\/\/www.hotelcasasofia.com\/de\/wp-json\/wp\/v2\/pages\/143","targetHints":{"allow":["GET"]}}],"collection":[{"href":"https:\/\/www.hotelcasasofia.com\/de\/wp-json\/wp\/v2\/pages"}],"about":[{"href":"https:\/\/www.hotelcasasofia.com\/de\/wp-json\/wp\/v2\/types\/page"}],"author":[{"embeddable":true,"href":"https:\/\/www.hotelcasasofia.com\/de\/wp-json\/wp\/v2\/users\/2"}],"replies":[{"embeddable":true,"href":"https:\/\/www.hotelcasasofia.com\/de\/wp-json\/wp\/v2\/comments?post=143"}],"version-history":[{"count":22,"href":"https:\/\/www.hotelcasasofia.com\/de\/wp-json\/wp\/v2\/pages\/143\/revisions"}],"predecessor-version":[{"id":437,"href":"https:\/\/www.hotelcasasofia.com\/de\/wp-json\/wp\/v2\/pages\/143\/revisions\/437"}],"wp:attachment":[{"href":"https:\/\/www.hotelcasasofia.com\/de\/wp-json\/wp\/v2\/media?parent=143"}],"curies":[{"name":"wp","href":"https:\/\/api.w.org\/{rel}","templated":true}]}}