{"id":210,"date":"2018-01-29T22:57:33","date_gmt":"2018-01-29T22:57:33","guid":{"rendered":"http:\/\/wordpress.hotelcasasofia.com\/?page_id=210"},"modified":"2018-02-08T06:02:27","modified_gmt":"2018-02-08T06:02:27","slug":"thermen","status":"publish","type":"page","link":"https:\/\/www.hotelcasasofia.com\/de\/thermen","title":{"rendered":"Thermen"},"content":{"rendered":"<div id='gallery-1' class='gallery galleryid-210 gallery-columns-2 gallery-size-medium'><figure class='gallery-item'>\n\t\t\t<div class='gallery-icon portrait'>\n\t\t\t\t<a href='https:\/\/www.hotelcasasofia.com\/de\/ausfluege-im-golf-von-neapel\/ischia7'><img loading=\"lazy\" decoding=\"async\" width=\"225\" height=\"300\" src=\"https:\/\/www.hotelcasasofia.com\/wp-content\/uploads\/2018\/01\/ischia7-225x300.jpg\" class=\"attachment-medium size-medium\" alt=\"\" srcset=\"https:\/\/www.hotelcasasofia.com\/wp-content\/uploads\/2018\/01\/ischia7-225x300.jpg 225w, https:\/\/www.hotelcasasofia.com\/wp-content\/uploads\/2018\/01\/ischia7.jpg 320w\" sizes=\"auto, (max-width: 225px) 100vw, 225px\" \/><\/a>\n\t\t\t<\/div><\/figure><figure class='gallery-item'>\n\t\t\t<div class='gallery-icon portrait'>\n\t\t\t\t<a href='https:\/\/www.hotelcasasofia.com\/de\/ausfluege-im-golf-von-neapel\/ischia4'><img loading=\"lazy\" decoding=\"async\" width=\"225\" height=\"300\" src=\"https:\/\/www.hotelcasasofia.com\/wp-content\/uploads\/2018\/01\/ischia4-225x300.jpg\" class=\"attachment-medium size-medium\" alt=\"\" srcset=\"https:\/\/www.hotelcasasofia.com\/wp-content\/uploads\/2018\/01\/ischia4-225x300.jpg 225w, https:\/\/www.hotelcasasofia.com\/wp-content\/uploads\/2018\/01\/ischia4.jpg 320w\" sizes=\"auto, (max-width: 225px) 100vw, 225px\" \/><\/a>\n\t\t\t<\/div><\/figure>\n\t\t<\/div>\n\n<p>Dank des vulkanischen Ursprungs der Insel z\u00e4hlt Ischia heute zu den beliebtesten und nat\u00fcrlichsten Thermalwasserzielen der Welt. Die Kombination einer unterirdischen Heisswasserversorgung, angereichert durch hochwirksame Mineralsalze, mit einer faszinierenden Naturkulisse ist sicherlich einmalig auf der Erde. Die therapeutische Wirksamkeit und Heilkraft der zahlreichen Thermalquellen wurde bereits vor 2000 Jahren entdeckt und gesch\u00e4tzt. Auf der Insel befinden sich zahlreiche Quellen mit Temperaturen zwischen 20 und 100 Grad mit stark schwankender Radioaktivit\u00e4t (Radon) und ihren Heilerfolgen bei rheumatischen Beschwerden, Arthritis, Ischias, neurologischen und gyn\u00e4kologischen Erkrankungen, Gelenkschmerzen u.\u00e4.<\/p>\n<p>Direkt in Sant&#8217;Angelo befindet sich die Thermalanlage\/ Therme &#8222;Tropical&#8220;, eine wahre Oase des Wohlbefindens, der Ruhe, der Gesundheit und Entspannung, FKK Terrasse vorhanden. Erm\u00e4ssigung auf den Eintritt f\u00fcr Hausg\u00e4ste. Empfehlenswert sind Fangopackungen und anschliessende Massage. Der Fango ist eine besondere Mischung irdischer Substanzen, er wird je nach Erfordernis und Empfehlung des Arztes von kalt bis hei\u00df in Teil- oder Ganzpackungen angewendet.<\/p>\n<p>Eine Besonderheit in SANT&#8216; ANGELO sind die \u201eFumarolen\u201c, der heisse Sand am Strand. Statt heissen Wassers wie bei den Quellen tritt hier der heisse Dampf durch unz\u00e4hlige winzige Kan\u00fclen an die Oberfl\u00e4che. Empfehlenswert sind die heissen Sandb\u00e4der unter freiem Himmel, es stehen am Strand erfahrene Helfer zur Verf\u00fcgung, die die Eingrabetechnik beherrschen. Abgesehen von den erstaunlichen Heilerfolgen im heissen Sand ist es ein besonderer Spass, hier in 20 Zentimetern Tiefe Pellkartoffeln oder Eier ohne Wasser in wenigen Minuten zu kochen. Nicht zu vergessen sind unz\u00e4hlige Saunen in nat\u00fcrlichen und k\u00fcnstlichen Grotten mit Temperaturen bis an die 100 Grad. Besonders gesch\u00e4tzt von den R\u00f6mern war die \u201eCava Scura\u201c. K\u00fcstenstriche auf der S\u00fcdseite der Insel, die vor 2000 Jahren noch zug\u00e4nglich waren und heisse Quellen hatten, liegen heute unter dem Meeresspiegel. Dort finden sich an einigen Stellen in kleinen Buchten, einige umgest\u00fcrzte, aus Tuffstein im ganzen gehauene Badewannen aus dem Altertum. Die heissen Quellen sind an diesen Stellen noch auf dem Meeresgrund zu sp\u00fcren. In der \u201eBucht von Sorgeto\u201c ist das Baden das ganze Jahr \u00fcber m\u00f6glich, da hier Thermalquellen direkt im Meer sprudeln.<\/p>\n<p>Auf der Insel gibt es weitere Thermalb\u00e4der, \u00fcber die wir Sie gerne vor Ort informieren.<\/p>\n","protected":false},"excerpt":{"rendered":"<p>Dank des vulkanischen Ursprungs der Insel z\u00e4hlt Ischia heute zu den beliebtesten und nat\u00fcrlichsten Thermalwasserzielen der Welt. Die Kombination einer unterirdischen Heisswasserversorgung, angereichert&#8230;<\/p>\n","protected":false},"author":2,"featured_media":0,"parent":0,"menu_order":0,"comment_status":"closed","ping_status":"closed","template":"","meta":{"footnotes":""},"class_list":["post-210","page","type-page","status-publish","hentry"],"translation":{"provider":"WPGlobus","version":"3.0.2","language":"de","enabled_languages":["it","de","en","fr"],"languages":{"it":{"title":true,"content":true,"excerpt":false},"de":{"title":true,"content":true,"excerpt":false},"en":{"title":true,"content":true,"excerpt":false},"fr":{"title":true,"content":true,"excerpt":false}}},"_links":{"self":[{"href":"https:\/\/www.hotelcasasofia.com\/de\/wp-json\/wp\/v2\/pages\/210","targetHints":{"allow":["GET"]}}],"collection":[{"href":"https:\/\/www.hotelcasasofia.com\/de\/wp-json\/wp\/v2\/pages"}],"about":[{"href":"https:\/\/www.hotelcasasofia.com\/de\/wp-json\/wp\/v2\/types\/page"}],"author":[{"embeddable":true,"href":"https:\/\/www.hotelcasasofia.com\/de\/wp-json\/wp\/v2\/users\/2"}],"replies":[{"embeddable":true,"href":"https:\/\/www.hotelcasasofia.com\/de\/wp-json\/wp\/v2\/comments?post=210"}],"version-history":[{"count":13,"href":"https:\/\/www.hotelcasasofia.com\/de\/wp-json\/wp\/v2\/pages\/210\/revisions"}],"predecessor-version":[{"id":677,"href":"https:\/\/www.hotelcasasofia.com\/de\/wp-json\/wp\/v2\/pages\/210\/revisions\/677"}],"wp:attachment":[{"href":"https:\/\/www.hotelcasasofia.com\/de\/wp-json\/wp\/v2\/media?parent=210"}],"curies":[{"name":"wp","href":"https:\/\/api.w.org\/{rel}","templated":true}]}}