{"id":294,"date":"2018-01-30T00:58:06","date_gmt":"2018-01-30T00:58:06","guid":{"rendered":"http:\/\/wordpress.hotelcasasofia.com\/?page_id=294"},"modified":"2025-11-24T16:48:39","modified_gmt":"2025-11-24T16:48:39","slug":"meer","status":"publish","type":"page","link":"https:\/\/www.hotelcasasofia.com\/de\/meer","title":{"rendered":"Meer"},"content":{"rendered":"<div id='gallery-1' class='gallery galleryid-294 gallery-columns-2 gallery-size-medium'><figure class='gallery-item'>\n\t\t\t<div class='gallery-icon portrait'>\n\t\t\t\t<a href='https:\/\/www.hotelcasasofia.com\/de\/_dsc3206'><img loading=\"lazy\" decoding=\"async\" width=\"199\" height=\"300\" src=\"https:\/\/www.hotelcasasofia.com\/wp-content\/uploads\/2018\/01\/DSC3206-199x300.jpg\" class=\"attachment-medium size-medium\" alt=\"\" srcset=\"https:\/\/www.hotelcasasofia.com\/wp-content\/uploads\/2018\/01\/DSC3206-199x300.jpg 199w, https:\/\/www.hotelcasasofia.com\/wp-content\/uploads\/2018\/01\/DSC3206-768x1156.jpg 768w, https:\/\/www.hotelcasasofia.com\/wp-content\/uploads\/2018\/01\/DSC3206-681x1024.jpg 681w, https:\/\/www.hotelcasasofia.com\/wp-content\/uploads\/2018\/01\/DSC3206.jpg 1361w\" sizes=\"auto, (max-width: 199px) 100vw, 199px\" \/><\/a>\n\t\t\t<\/div><\/figure>\n\t\t<\/div>\n\n<p><span id=\"text_e233abc1e098\" class=\"so_content_int text_e233abc1e098\">Direkt unter der Casa Sofia befindet sich der ber\u00fchmte Strand &#8222;<strong>Spiaggia delle Fumarole<\/strong>&#8222;, den Sie in nur etwa <strong>5 Gehminuten<\/strong> \u00fcber einen malerischen Pfad erreichen. Er ist bekannt f\u00fcr seine nat\u00fcrlichen Thermalquellen, die den Sand erw\u00e4rmen und kleine Oasen des Wohlbefindens unter freiem Himmel schaffen, ideal, um in das glasklare Meer einzutauchen und ein einzigartiges Erlebnis zu genie\u00dfen.<\/span><\/p>\n<p><span id=\"text_6055cfa15069\" class=\"so_content_int text_6055cfa15069\">Nur <strong>10 Gehminuten<\/strong> vom Hotel entfernt befindet sich der <strong>Strand Cava Grado<\/strong>, eine kleine, von Felsw\u00e4nden umgebene Bucht, ideal f\u00fcr alle, die Privatsph\u00e4re und klares Wasser suchen.<br \/>\nAlternativ einer kurzen Fahrt mit dem Wassertaxi oder einem l\u00e4ngeren Spaziergang, insgesamt <strong>etwa 20 Minuten<\/strong>, erreichen Sie den weitl\u00e4ufigen <strong>Strand Spiaggia dei Maronti<\/strong>, den gr\u00f6\u00dften der Insel, mit Strandb\u00e4dern und freien Abschnitten inmitten einer wildromantischen Landschaft.<\/span><\/p>\n<p><span id=\"text_aead7bcb2c3c\" class=\"so_content_int text_aead7bcb2c3c\">Ein paar Minuten <span id=\"text_6055cfa15069\" class=\"so_content_int text_6055cfa15069\">mit dem Wassertaxi<\/span> entfernt erwartet Sie das malerische <strong>Sorgeto<\/strong>, das f\u00fcr seine nat\u00fcrlichen Warmwasserbecken bekannt ist, die sich mit dem Meer vermischen, ein perfekter Ort, um sich von der Magie der Insel verzaubern zu lassen, besonders bei Sonnenuntergang.<\/span><\/p>\n","protected":false},"excerpt":{"rendered":"<p>Direkt unter der Casa Sofia befindet sich der ber\u00fchmte Strand &#8222;Spiaggia delle Fumarole&#8222;, den Sie in nur etwa 5 Gehminuten \u00fcber einen malerischen&#8230;<\/p>\n","protected":false},"author":2,"featured_media":0,"parent":0,"menu_order":0,"comment_status":"closed","ping_status":"closed","template":"","meta":{"footnotes":""},"class_list":["post-294","page","type-page","status-publish","hentry"],"translation":{"provider":"WPGlobus","version":"3.0.2","language":"de","enabled_languages":["it","de","en","fr"],"languages":{"it":{"title":true,"content":true,"excerpt":false},"de":{"title":true,"content":true,"excerpt":false},"en":{"title":true,"content":true,"excerpt":false},"fr":{"title":true,"content":true,"excerpt":false}}},"_links":{"self":[{"href":"https:\/\/www.hotelcasasofia.com\/de\/wp-json\/wp\/v2\/pages\/294","targetHints":{"allow":["GET"]}}],"collection":[{"href":"https:\/\/www.hotelcasasofia.com\/de\/wp-json\/wp\/v2\/pages"}],"about":[{"href":"https:\/\/www.hotelcasasofia.com\/de\/wp-json\/wp\/v2\/types\/page"}],"author":[{"embeddable":true,"href":"https:\/\/www.hotelcasasofia.com\/de\/wp-json\/wp\/v2\/users\/2"}],"replies":[{"embeddable":true,"href":"https:\/\/www.hotelcasasofia.com\/de\/wp-json\/wp\/v2\/comments?post=294"}],"version-history":[{"count":12,"href":"https:\/\/www.hotelcasasofia.com\/de\/wp-json\/wp\/v2\/pages\/294\/revisions"}],"predecessor-version":[{"id":2361,"href":"https:\/\/www.hotelcasasofia.com\/de\/wp-json\/wp\/v2\/pages\/294\/revisions\/2361"}],"wp:attachment":[{"href":"https:\/\/www.hotelcasasofia.com\/de\/wp-json\/wp\/v2\/media?parent=294"}],"curies":[{"name":"wp","href":"https:\/\/api.w.org\/{rel}","templated":true}]}}