{"id":456,"date":"2018-02-03T12:04:46","date_gmt":"2018-02-03T12:04:46","guid":{"rendered":"http:\/\/wordpress.hotelcasasofia.com\/?page_id=456"},"modified":"2026-04-04T14:03:19","modified_gmt":"2026-04-04T14:03:19","slug":"preise","status":"publish","type":"page","link":"https:\/\/www.hotelcasasofia.com\/de\/preise","title":{"rendered":"Preise"},"content":{"rendered":"<h2><strong>Preise pro Person<\/strong><\/h2>\n<h2><strong>2026<\/strong><\/h2>\n<p><strong>Zimmer mit Fr\u00fchst\u00fcck<\/strong><br \/>\n85,00 \u20ac \/ 105,00 \u20ac Nebensaison<br \/>\n110,00 \u20ac \/ 175,00 \u20ac Hauptsaison<\/p>\n<p>Zuschlag im Doppel- als Einzelzimmer \u00a0 30,00 \u20ac \/ 60,00 \u20ac<\/p>\n<p>Transfer von und zum Flughafen\/Bahnhof, (Preis pro Fahrt, pro Person)<br \/>\nSammeltransport 90,00 \u20ac<br \/>\nEinzeltransport 105,00 \u20ac<\/p>\n<p>G\u00e4stetaxe\u2028 \u00a0 \u00a0 2,00 \u20ac<\/p>\n<p>Haustiere auf Anfrage 10,00 \u20ac<\/p>\n<p>Parking Eingang Fu\u00dfg\u00e4ngerzone \u00a0 Auto 25,00 \u20ac \/ Scooter \u20ac 7,00 \u20ac<\/p>\n<p>Therme Aphrodite-Apollon \u00a025,00 \u20ac \/ 35,00 \u20ac<\/p>\n<p>Codice Unico Identificativo Agenzia regionale Campania: <strong>15063078ALB0021<\/strong><\/p>\n<p id=\"tw-target-text\" class=\"tw-data-text tw-ta tw-text-small\" dir=\"ltr\" data-placeholder=\"\u00dcbersetzung\"><span lang=\"de\">Stornierungsbedingungen: <strong>R\u00fcckerstattbare Rate <\/strong><\/span><\/p>\n<p class=\"tw-data-text tw-ta tw-text-small\" dir=\"ltr\" data-placeholder=\"\u00dcbersetzung\"><span lang=\"de\">Die Stornierung ist bis 90 Tage vor Anreise kostenfrei. Erfolgt die Stornierung nach Ablauf dieser Frist oder im Falle des Nichterscheinens wird die Anzahlung als Entsch\u00e4digung einbehalten.<\/span><\/p>\n<p dir=\"ltr\" data-placeholder=\"\u00dcbersetzung\"><strong>Im Falle einer R\u00fcckerstattung erfolgt diese \u00fcber die gleiche Zahlungsmethode, mit der Sie die Buchung get\u00e4tigt haben.<\/strong><\/p>\n<p class=\"tw-data-text tw-ta tw-text-small\" dir=\"ltr\" data-placeholder=\"\u00dcbersetzung\"><span lang=\"de\">Stornierungsbedingungen: <strong>Nicht erstattungsf\u00e4hige Rate <\/strong><\/span><\/p>\n<p class=\"tw-data-text tw-ta tw-text-small\" dir=\"ltr\" data-placeholder=\"\u00dcbersetzung\"><span lang=\"de\">Die Anzahlung erfolgt bei Best\u00e4tigung der Buchung. Die Reservierung kann nicht mehr ge\u00e4ndert oder storniert werden. Die Anzahlung wird beibehalten\u00a0<\/span><\/p>\n","protected":false},"excerpt":{"rendered":"<p>Preise pro Person 2026 Zimmer mit Fr\u00fchst\u00fcck 85,00 \u20ac \/ 105,00 \u20ac Nebensaison 110,00 \u20ac \/ 175,00 \u20ac Hauptsaison Zuschlag im Doppel- als&#8230;<\/p>\n","protected":false},"author":2,"featured_media":0,"parent":0,"menu_order":0,"comment_status":"closed","ping_status":"closed","template":"","meta":{"footnotes":""},"class_list":["post-456","page","type-page","status-publish","hentry"],"translation":{"provider":"WPGlobus","version":"3.0.2","language":"de","enabled_languages":["it","de","en","fr"],"languages":{"it":{"title":true,"content":true,"excerpt":false},"de":{"title":true,"content":true,"excerpt":false},"en":{"title":false,"content":true,"excerpt":false},"fr":{"title":false,"content":true,"excerpt":false}}},"_links":{"self":[{"href":"https:\/\/www.hotelcasasofia.com\/de\/wp-json\/wp\/v2\/pages\/456","targetHints":{"allow":["GET"]}}],"collection":[{"href":"https:\/\/www.hotelcasasofia.com\/de\/wp-json\/wp\/v2\/pages"}],"about":[{"href":"https:\/\/www.hotelcasasofia.com\/de\/wp-json\/wp\/v2\/types\/page"}],"author":[{"embeddable":true,"href":"https:\/\/www.hotelcasasofia.com\/de\/wp-json\/wp\/v2\/users\/2"}],"replies":[{"embeddable":true,"href":"https:\/\/www.hotelcasasofia.com\/de\/wp-json\/wp\/v2\/comments?post=456"}],"version-history":[{"count":159,"href":"https:\/\/www.hotelcasasofia.com\/de\/wp-json\/wp\/v2\/pages\/456\/revisions"}],"predecessor-version":[{"id":2422,"href":"https:\/\/www.hotelcasasofia.com\/de\/wp-json\/wp\/v2\/pages\/456\/revisions\/2422"}],"wp:attachment":[{"href":"https:\/\/www.hotelcasasofia.com\/de\/wp-json\/wp\/v2\/media?parent=456"}],"curies":[{"name":"wp","href":"https:\/\/api.w.org\/{rel}","templated":true}]}}