{"id":64,"date":"2018-01-18T22:15:49","date_gmt":"2018-01-18T22:15:49","guid":{"rendered":"http:\/\/wordpress.hotelcasasofia.com\/?page_id=64"},"modified":"2018-02-08T05:34:24","modified_gmt":"2018-02-08T05:34:24","slug":"ausfluege-im-golf-von-neapel","status":"publish","type":"page","link":"https:\/\/www.hotelcasasofia.com\/de\/ausfluege-im-golf-von-neapel","title":{"rendered":"Ausfl\u00fcge \/ Aktivit\u00e4ten"},"content":{"rendered":"<div id='gallery-1' class='gallery galleryid-64 gallery-columns-2 gallery-size-medium'><figure class='gallery-item'>\n\t\t\t<div class='gallery-icon landscape'>\n\t\t\t\t<a href='https:\/\/www.hotelcasasofia.com\/de\/ausfluege-im-golf-von-neapel\/attachment\/97422203'><img loading=\"lazy\" decoding=\"async\" width=\"300\" height=\"225\" src=\"https:\/\/www.hotelcasasofia.com\/wp-content\/uploads\/2018\/01\/97422203-300x225.jpg\" class=\"attachment-medium size-medium\" alt=\"\" srcset=\"https:\/\/www.hotelcasasofia.com\/wp-content\/uploads\/2018\/01\/97422203-300x225.jpg 300w, https:\/\/www.hotelcasasofia.com\/wp-content\/uploads\/2018\/01\/97422203-768x576.jpg 768w, https:\/\/www.hotelcasasofia.com\/wp-content\/uploads\/2018\/01\/97422203-1024x768.jpg 1024w, https:\/\/www.hotelcasasofia.com\/wp-content\/uploads\/2018\/01\/97422203.jpg 1200w\" sizes=\"auto, (max-width: 300px) 100vw, 300px\" \/><\/a>\n\t\t\t<\/div><\/figure><figure class='gallery-item'>\n\t\t\t<div class='gallery-icon landscape'>\n\t\t\t\t<a href='https:\/\/www.hotelcasasofia.com\/de\/img_20130709_233335'><img loading=\"lazy\" decoding=\"async\" width=\"300\" height=\"225\" src=\"https:\/\/www.hotelcasasofia.com\/wp-content\/uploads\/2018\/01\/IMG_20130709_233335-300x225.jpg\" class=\"attachment-medium size-medium\" alt=\"\" srcset=\"https:\/\/www.hotelcasasofia.com\/wp-content\/uploads\/2018\/01\/IMG_20130709_233335-300x225.jpg 300w, https:\/\/www.hotelcasasofia.com\/wp-content\/uploads\/2018\/01\/IMG_20130709_233335-768x576.jpg 768w, https:\/\/www.hotelcasasofia.com\/wp-content\/uploads\/2018\/01\/IMG_20130709_233335-1024x768.jpg 1024w, https:\/\/www.hotelcasasofia.com\/wp-content\/uploads\/2018\/01\/IMG_20130709_233335-100x75.jpg 100w, https:\/\/www.hotelcasasofia.com\/wp-content\/uploads\/2018\/01\/IMG_20130709_233335-150x113.jpg 150w, https:\/\/www.hotelcasasofia.com\/wp-content\/uploads\/2018\/01\/IMG_20130709_233335-200x150.jpg 200w, https:\/\/www.hotelcasasofia.com\/wp-content\/uploads\/2018\/01\/IMG_20130709_233335-450x338.jpg 450w, https:\/\/www.hotelcasasofia.com\/wp-content\/uploads\/2018\/01\/IMG_20130709_233335-600x450.jpg 600w, https:\/\/www.hotelcasasofia.com\/wp-content\/uploads\/2018\/01\/IMG_20130709_233335-900x675.jpg 900w\" sizes=\"auto, (max-width: 300px) 100vw, 300px\" \/><\/a>\n\t\t\t<\/div><\/figure>\n\t\t<\/div>\n\n<p>Unverge\u00dflich ist es einen Drink auf der Piazzetta zu nehmen, die Strassencaffes laden zum Plauschen und Relaxen ein, w\u00e4hrend man frischen Fisch und andere Spezialit\u00e4ten einer mediterrane K\u00fcche in den verschiedenen rustikalen und gem\u00fctlichen Restaurants, die sich im Meer spiegeln, genie\u00dfen kann.<\/p>\n<p>Zum Shopping verlocken exklusive Boutiquen mit allen gro\u00dfen Designermarken, exklusive Juweliere, Kunstgalerien, ein Antiquit\u00e4tengesch\u00e4ft und typische Keramik-Studios.<\/p>\n<p>Auch kulinarisch ist der hei\u00dfe Sand zu nutzen: einmalig auf der Welt ist das \u201epollo alla fumarola\u201c (H\u00fchnchen in der Folie gegart), das zum Garen im hei\u00dfen Sand des Fumarole-Strandes vergraben wird. Dies k\u00f6nnen Sie bei \u201eRistorante Emanuela\u201c , direkt am Strand mit grosser Terrasse und Meerblick vorbestellen und zuschauen bei der Ein und Ausgrabung im heissen Sand. Empfehlenswert ist auch die Pizzeria \u201eda Pasquale\u201c, leckere Pizza direkt aus dem Holzofen und das Ristorante \u201eLo Scoglio\u201c, elegantes Lokal f\u00fcr leckere Fischgerichte, ebenfalls mit Meerblick und an der K\u00fcstenstrasse gelegen.<\/p>\n<p>Eine weiter Spezialit\u00e4t ist coniglio (Kaninchen). Besonders zu sch\u00e4tzen sind die einfachen Dinge wie Bruschetta, Tomatenbrot, frischer Mozzarella und ein guter Teller Spaghetti.<\/p>\n<div id='gallery-2' class='gallery galleryid-64 gallery-columns-2 gallery-size-medium'><figure class='gallery-item'>\n\t\t\t<div class='gallery-icon landscape'>\n\t\t\t\t<a href='https:\/\/www.hotelcasasofia.com\/de\/_dsc2947'><img loading=\"lazy\" decoding=\"async\" width=\"300\" height=\"199\" src=\"https:\/\/www.hotelcasasofia.com\/wp-content\/uploads\/2018\/01\/DSC2947-300x199.jpg\" class=\"attachment-medium size-medium\" alt=\"\" srcset=\"https:\/\/www.hotelcasasofia.com\/wp-content\/uploads\/2018\/01\/DSC2947-300x199.jpg 300w, https:\/\/www.hotelcasasofia.com\/wp-content\/uploads\/2018\/01\/DSC2947-768x510.jpg 768w, https:\/\/www.hotelcasasofia.com\/wp-content\/uploads\/2018\/01\/DSC2947-1024x681.jpg 1024w, https:\/\/www.hotelcasasofia.com\/wp-content\/uploads\/2018\/01\/DSC2947.jpg 2048w\" sizes=\"auto, (max-width: 300px) 100vw, 300px\" \/><\/a>\n\t\t\t<\/div><\/figure>\n\t\t<\/div>\n\n<p>Typische Spezialit\u00e4ten oder frischen Fisch sowie Obst und Gem\u00fcse findet man auf diversen M\u00e4rkten. Ausserdem Kleidung und Schmuck.<\/p>\n","protected":false},"excerpt":{"rendered":"<p>Unverge\u00dflich ist es einen Drink auf der Piazzetta zu nehmen, die Strassencaffes laden zum Plauschen und Relaxen ein, w\u00e4hrend man frischen Fisch und&#8230;<\/p>\n","protected":false},"author":2,"featured_media":0,"parent":0,"menu_order":0,"comment_status":"closed","ping_status":"closed","template":"","meta":{"footnotes":""},"class_list":["post-64","page","type-page","status-publish","hentry"],"translation":{"provider":"WPGlobus","version":"3.0.2","language":"de","enabled_languages":["it","de","en","fr"],"languages":{"it":{"title":true,"content":true,"excerpt":false},"de":{"title":true,"content":true,"excerpt":false},"en":{"title":true,"content":true,"excerpt":false},"fr":{"title":true,"content":true,"excerpt":false}}},"_links":{"self":[{"href":"https:\/\/www.hotelcasasofia.com\/de\/wp-json\/wp\/v2\/pages\/64","targetHints":{"allow":["GET"]}}],"collection":[{"href":"https:\/\/www.hotelcasasofia.com\/de\/wp-json\/wp\/v2\/pages"}],"about":[{"href":"https:\/\/www.hotelcasasofia.com\/de\/wp-json\/wp\/v2\/types\/page"}],"author":[{"embeddable":true,"href":"https:\/\/www.hotelcasasofia.com\/de\/wp-json\/wp\/v2\/users\/2"}],"replies":[{"embeddable":true,"href":"https:\/\/www.hotelcasasofia.com\/de\/wp-json\/wp\/v2\/comments?post=64"}],"version-history":[{"count":23,"href":"https:\/\/www.hotelcasasofia.com\/de\/wp-json\/wp\/v2\/pages\/64\/revisions"}],"predecessor-version":[{"id":674,"href":"https:\/\/www.hotelcasasofia.com\/de\/wp-json\/wp\/v2\/pages\/64\/revisions\/674"}],"wp:attachment":[{"href":"https:\/\/www.hotelcasasofia.com\/de\/wp-json\/wp\/v2\/media?parent=64"}],"curies":[{"name":"wp","href":"https:\/\/api.w.org\/{rel}","templated":true}]}}