{"id":69,"date":"2018-01-18T22:31:13","date_gmt":"2018-01-18T22:31:13","guid":{"rendered":"http:\/\/wordpress.hotelcasasofia.com\/?page_id=69"},"modified":"2026-03-22T14:44:36","modified_gmt":"2026-03-22T14:44:36","slug":"willkommen","status":"publish","type":"page","link":"https:\/\/www.hotelcasasofia.com\/en\/","title":{"rendered":"Welcome in the Boutique Hotel"},"content":{"rendered":"<div id='gallery-1' class='gallery galleryid-69 gallery-columns-3 gallery-size-medium'><figure class='gallery-item'>\n\t\t\t<div class='gallery-icon portrait'>\n\t\t\t\t<a href='https:\/\/www.hotelcasasofia.com\/wp-content\/uploads\/2023\/07\/IMG_6809.jpg'><img loading=\"lazy\" decoding=\"async\" width=\"201\" height=\"300\" src=\"https:\/\/www.hotelcasasofia.com\/wp-content\/uploads\/2023\/07\/IMG_6809-201x300.jpg\" class=\"attachment-medium size-medium\" alt=\"\" aria-describedby=\"gallery-1-2222\" srcset=\"https:\/\/www.hotelcasasofia.com\/wp-content\/uploads\/2023\/07\/IMG_6809-201x300.jpg 201w, https:\/\/www.hotelcasasofia.com\/wp-content\/uploads\/2023\/07\/IMG_6809-686x1024.jpg 686w, https:\/\/www.hotelcasasofia.com\/wp-content\/uploads\/2023\/07\/IMG_6809-768x1146.jpg 768w, https:\/\/www.hotelcasasofia.com\/wp-content\/uploads\/2023\/07\/IMG_6809-1029x1536.jpg 1029w, https:\/\/www.hotelcasasofia.com\/wp-content\/uploads\/2023\/07\/IMG_6809.jpg 1170w\" sizes=\"auto, (max-width: 201px) 100vw, 201px\" \/><\/a>\n\t\t\t<\/div>\n\t\t\t\t<figcaption class='wp-caption-text gallery-caption' id='gallery-1-2222'>\n\t\t\t\tNew 2023 Shuttle-Service \n\t\t\t\t<\/figcaption><\/figure><figure class='gallery-item'>\n\t\t\t<div class='gallery-icon landscape'>\n\t\t\t\t<a href='https:\/\/www.hotelcasasofia.com\/wp-content\/uploads\/2020\/05\/c7d78763-7a68-46f5-811a-9038e1cf9a98.jpg'><img loading=\"lazy\" decoding=\"async\" width=\"300\" height=\"225\" src=\"https:\/\/www.hotelcasasofia.com\/wp-content\/uploads\/2020\/05\/c7d78763-7a68-46f5-811a-9038e1cf9a98-300x225.jpg\" class=\"attachment-medium size-medium\" alt=\"\" aria-describedby=\"gallery-1-1548\" srcset=\"https:\/\/www.hotelcasasofia.com\/wp-content\/uploads\/2020\/05\/c7d78763-7a68-46f5-811a-9038e1cf9a98-300x225.jpg 300w, https:\/\/www.hotelcasasofia.com\/wp-content\/uploads\/2020\/05\/c7d78763-7a68-46f5-811a-9038e1cf9a98-768x576.jpg 768w, https:\/\/www.hotelcasasofia.com\/wp-content\/uploads\/2020\/05\/c7d78763-7a68-46f5-811a-9038e1cf9a98.jpg 1024w\" sizes=\"auto, (max-width: 300px) 100vw, 300px\" \/><\/a>\n\t\t\t<\/div>\n\t\t\t\t<figcaption class='wp-caption-text gallery-caption' id='gallery-1-1548'>\n\t\t\t\tJunior Suite (new 2023)\n\t\t\t\t<\/figcaption><\/figure><figure class='gallery-item'>\n\t\t\t<div class='gallery-icon portrait'>\n\t\t\t\t<a href='https:\/\/www.hotelcasasofia.com\/wp-content\/uploads\/2023\/04\/IMG_5993.jpg'><img loading=\"lazy\" decoding=\"async\" width=\"225\" height=\"300\" src=\"https:\/\/www.hotelcasasofia.com\/wp-content\/uploads\/2023\/04\/IMG_5993-225x300.jpg\" class=\"attachment-medium size-medium\" alt=\"\" aria-describedby=\"gallery-1-2144\" srcset=\"https:\/\/www.hotelcasasofia.com\/wp-content\/uploads\/2023\/04\/IMG_5993-225x300.jpg 225w, https:\/\/www.hotelcasasofia.com\/wp-content\/uploads\/2023\/04\/IMG_5993-768x1024.jpg 768w, https:\/\/www.hotelcasasofia.com\/wp-content\/uploads\/2023\/04\/IMG_5993-1152x1536.jpg 1152w, https:\/\/www.hotelcasasofia.com\/wp-content\/uploads\/2023\/04\/IMG_5993.jpg 1512w\" sizes=\"auto, (max-width: 225px) 100vw, 225px\" \/><\/a>\n\t\t\t<\/div>\n\t\t\t\t<figcaption class='wp-caption-text gallery-caption' id='gallery-1-2144'>\n\t\t\t\tJunior Suite (new 2024)\n\t\t\t\t<\/figcaption><\/figure><figure class='gallery-item'>\n\t\t\t<div class='gallery-icon landscape'>\n\t\t\t\t<a href='https:\/\/www.hotelcasasofia.com\/wp-content\/uploads\/2025\/03\/Privat-Parking.jpg'><img loading=\"lazy\" decoding=\"async\" width=\"300\" height=\"293\" src=\"https:\/\/www.hotelcasasofia.com\/wp-content\/uploads\/2025\/03\/Privat-Parking-300x293.jpg\" class=\"attachment-medium size-medium\" alt=\"\" aria-describedby=\"gallery-1-2309\" srcset=\"https:\/\/www.hotelcasasofia.com\/wp-content\/uploads\/2025\/03\/Privat-Parking-300x293.jpg 300w, https:\/\/www.hotelcasasofia.com\/wp-content\/uploads\/2025\/03\/Privat-Parking-1024x999.jpg 1024w, https:\/\/www.hotelcasasofia.com\/wp-content\/uploads\/2025\/03\/Privat-Parking-768x750.jpg 768w, https:\/\/www.hotelcasasofia.com\/wp-content\/uploads\/2025\/03\/Privat-Parking.jpg 1169w\" sizes=\"auto, (max-width: 300px) 100vw, 300px\" \/><\/a>\n\t\t\t<\/div>\n\t\t\t\t<figcaption class='wp-caption-text gallery-caption' id='gallery-1-2309'>\n\t\t\t\tNew 2025 Private Parking\n\t\t\t\t<\/figcaption><\/figure><figure class='gallery-item'>\n\t\t\t<div class='gallery-icon portrait'>\n\t\t\t\t<a href='https:\/\/www.hotelcasasofia.com\/wp-content\/uploads\/2025\/03\/IMG_9148.jpg'><img loading=\"lazy\" decoding=\"async\" width=\"154\" height=\"300\" src=\"https:\/\/www.hotelcasasofia.com\/wp-content\/uploads\/2025\/03\/IMG_9148-154x300.jpg\" class=\"attachment-medium size-medium\" alt=\"\" aria-describedby=\"gallery-1-2315\" srcset=\"https:\/\/www.hotelcasasofia.com\/wp-content\/uploads\/2025\/03\/IMG_9148-154x300.jpg 154w, https:\/\/www.hotelcasasofia.com\/wp-content\/uploads\/2025\/03\/IMG_9148-527x1024.jpg 527w, https:\/\/www.hotelcasasofia.com\/wp-content\/uploads\/2025\/03\/IMG_9148.jpg 659w\" sizes=\"auto, (max-width: 154px) 100vw, 154px\" \/><\/a>\n\t\t\t<\/div>\n\t\t\t\t<figcaption class='wp-caption-text gallery-caption' id='gallery-1-2315'>\n\t\t\t\tNew 2024\n\t\t\t\t<\/figcaption><\/figure><figure class='gallery-item'>\n\t\t\t<div class='gallery-icon landscape'>\n\t\t\t\t<a href='https:\/\/www.hotelcasasofia.com\/wp-content\/uploads\/2023\/04\/IMG_6025.jpg'><img loading=\"lazy\" decoding=\"async\" width=\"300\" height=\"225\" src=\"https:\/\/www.hotelcasasofia.com\/wp-content\/uploads\/2023\/04\/IMG_6025-300x225.jpg\" class=\"attachment-medium size-medium\" alt=\"\" aria-describedby=\"gallery-1-2174\" srcset=\"https:\/\/www.hotelcasasofia.com\/wp-content\/uploads\/2023\/04\/IMG_6025-300x225.jpg 300w, https:\/\/www.hotelcasasofia.com\/wp-content\/uploads\/2023\/04\/IMG_6025-1024x768.jpg 1024w, https:\/\/www.hotelcasasofia.com\/wp-content\/uploads\/2023\/04\/IMG_6025-768x576.jpg 768w, https:\/\/www.hotelcasasofia.com\/wp-content\/uploads\/2023\/04\/IMG_6025-1536x1152.jpg 1536w, https:\/\/www.hotelcasasofia.com\/wp-content\/uploads\/2023\/04\/IMG_6025.jpg 2016w\" sizes=\"auto, (max-width: 300px) 100vw, 300px\" \/><\/a>\n\t\t\t<\/div>\n\t\t\t\t<figcaption class='wp-caption-text gallery-caption' id='gallery-1-2174'>\n\t\t\t\tDouble Deluxe (new 2023)\n\t\t\t\t<\/figcaption><\/figure>\n\t\t<\/div>\n\n<p><span class=\"st\">Welcome in the <strong>Boutique Hotel<\/strong> on the island of Ischia in the Gulf of Naples, the quiet and familiar hotel with a unique sea view. An oasis of peace for your dream vacation, in the picturesque and car-free Sant &#8216;Angelo. <\/span><\/p>\n<p>All rooms with terrace \/ balcony, sea view, air conditioned, satellite TV, Wi-Fi and minibar.<\/p>\n<p><span class=\"st\">In the immediate vicinity there are spas, beach and restaurants.<\/span><\/p>\n<p><strong>WhatsApp 0039-333-5876676<\/strong><\/p>\n<p>The Hotel Casa Sofia is located 50 meters above the sea and the splendid Maronti Bay, on the southern tip of the island of Ischia.<\/p>\n<p>Sant&#8217;Angelo \/ Ischia the romantic village with its winding streets and colorful fishermen&#8217;s houses. As well the only place on the island without traffic.<\/p>\n<table border=\"0\">\n<tbody>\n<tr>\n<td width=\"320\">\n\t<!-- Advanced Booking Calendar Booking Form - https:\/\/booking-calendar-plugin.com -->\n\t\n\t<div id=\"abc-form-wrapper\">\n\t\t<img decoding=\"async\" alt=\"Loading...\" src=\"https:\/\/www.hotelcasasofia.com\/wp-admin\/images\/wpspin_light.gif\" align=\"middle\" class=\"waiting\" id=\"abc_bookinform_loading\" style=\"display:none\" \/>\t\t\t\t\n\t\t<div id=\"abc-form-content\">\n\t\t\t<div class=\"abc-column\">\n\t\t\t\t<form class=\"abc-form\"  method=\"post\">\n\t\t\t\t\t<label for=\"abc-from\">Checkin<\/label>\n\t\t\t\t\t<div class=\"abc-input-fa\">\n\t\t\t\t\t\t<span class=\"fa fa-calendar\"><\/span>\n\t\t\t\t\t\t<input id=\"abc-from\" name=\"abc-from\" readonly=\"true\" class=\"abc-from\" value=\"\">\n\t\t\t\t\t<\/div>\n\t\t\t\t\t<label for=\"abc-to\">Checkout<\/label>\n\t\t\t\t\t<div class=\"abc-input-fa\">\n\t\t\t\t\t\t<span class=\"fa fa-calendar\"><\/span>\n\t\t\t\t\t\t<input id=\"abc-to\" name=\"abc-to\" readonly=\"true\" class=\"abc-to\" value=\"\">\n\t\t\t\t\t<\/div>\n\t\t\t<\/div>\t\t\t\n\t\t\t<div class=\"abc-column abc-form\">\t\n\t\t\t\t\t<label for=\"abc-persons\">Persons<\/label>\n\t\t\t\t\t<div class=\"abc-input-fa\">\n\t\t\t\t\t\t<span class=\"fa fa-female abc-guest1\"><\/span>\n\t\t\t\t\t\t<span class=\"fa fa-male abc-guest2\"><\/span>\n\t\t\t\t\t\t<select id=\"abc-persons\" name=\"abc-persons\">\n\t\t\t\t\t\t\t<option value=\"1\" selected>1<\/option><option value=\"2\">2<\/option><option value=\"3\">3<\/option>\n\t\t\t\t\t\t<\/select>\n\t\t\t\t\t<\/div>\n\t\t\t\t\t<input id=\"abcPostTrigger\" type=\"hidden\" name=\"abcPostTrigger\" value=\"0\">\t\n\t\t\t\t\t<input id=\"abcPostCalendarId\" type=\"hidden\" name=\"abcPostCalendarId\" value=\"\">\t\n\t\t\t\t<\/form>\t\n\t\t\t<\/div>\n\t\t\t<div class=\"abc-form-row\">\n\t\t\t\t<button class=\"abc-submit\" id=\"abc-check-availabilities\"><span id=\"abc-submit-button\" class=\"abc-submit-text\">Check availabilities<\/span><span class=\"abc-submit-loading\" >Loading...<\/span><\/button>\n\t\t\t\t<button class=\"abc-submit\" id=\"abc-back-to-availabilities\" style=\"display: none;\"><span class=\"abc-submit-text\">Edit<\/span><\/button>\n\t\t\t<\/div>\t\n\t\t\t\n\t\t\t<div id=\"abc-bookingresults\"><\/div>\n\t\t<\/div><\/div><\/td>\n<td><img loading=\"lazy\" decoding=\"async\" class=\"wp-image-190 aligncenter\" src=\"http:\/\/wordpress.hotelcasasofia.com\/wp-content\/uploads\/2018\/01\/michelin-150x150.jpg\" alt=\"\" width=\"245\" height=\"245\" srcset=\"https:\/\/www.hotelcasasofia.com\/wp-content\/uploads\/2018\/01\/michelin-150x150.jpg 150w, https:\/\/www.hotelcasasofia.com\/wp-content\/uploads\/2018\/01\/michelin.jpg 300w\" sizes=\"auto, (max-width: 245px) 100vw, 245px\" \/><\/td>\n<\/tr>\n<\/tbody>\n<\/table>\n<pre id=\"tw-target-text\" class=\"tw-data-text tw-text-large tw-ta\" dir=\"ltr\" data-placeholder=\"\u00dcbersetzung\"><strong><span class=\"Y2IQFc\" lang=\"en\">25% EXTRA CHARGE FOR STAYS OF 1-2 NIGHTS AT WEEKEND<\/span><\/strong><\/pre>\n<p><b>Cancellation Policy\u00a0<\/b><br \/>\nLa cancellazione \u00e8 permessa gratuitamente sino a 30 giorni prima della data di arrivo. Se la cancellazione interviene dopo questo termine o in caso di mancata presentazione il bonifico di anticipo o saldo sar\u00e0 trattenuto a titolo di risarcimento.<\/p>\n<p><b>Cancellation Policy tariffa non rimborsabile<\/b><br \/>\nIl pagamento avviene alla conferma di prenotazione. La prenotazione non pu\u00f2 pi\u00f9 essere n\u00e9 modificata, n\u00e9 cancellata. La penalit\u00e0 sar\u00e0 sempre del 100%<\/p>\n<p><strong>Check-in dalle 14.00 alle \u00a022.00<\/strong><\/p>\n<h5><\/h5>\n","protected":false},"excerpt":{"rendered":"<p>Welcome in the Boutique Hotel on the island of Ischia in the Gulf of Naples, the quiet and familiar hotel with a unique&#8230;<\/p>\n","protected":false},"author":2,"featured_media":0,"parent":0,"menu_order":0,"comment_status":"closed","ping_status":"closed","template":"","meta":{"footnotes":""},"class_list":["post-69","page","type-page","status-publish","hentry"],"translation":{"provider":"WPGlobus","version":"3.0.2","language":"en","enabled_languages":["it","de","en","fr"],"languages":{"it":{"title":true,"content":true,"excerpt":false},"de":{"title":true,"content":true,"excerpt":false},"en":{"title":true,"content":true,"excerpt":false},"fr":{"title":true,"content":true,"excerpt":false}}},"_links":{"self":[{"href":"https:\/\/www.hotelcasasofia.com\/en\/wp-json\/wp\/v2\/pages\/69","targetHints":{"allow":["GET"]}}],"collection":[{"href":"https:\/\/www.hotelcasasofia.com\/en\/wp-json\/wp\/v2\/pages"}],"about":[{"href":"https:\/\/www.hotelcasasofia.com\/en\/wp-json\/wp\/v2\/types\/page"}],"author":[{"embeddable":true,"href":"https:\/\/www.hotelcasasofia.com\/en\/wp-json\/wp\/v2\/users\/2"}],"replies":[{"embeddable":true,"href":"https:\/\/www.hotelcasasofia.com\/en\/wp-json\/wp\/v2\/comments?post=69"}],"version-history":[{"count":234,"href":"https:\/\/www.hotelcasasofia.com\/en\/wp-json\/wp\/v2\/pages\/69\/revisions"}],"predecessor-version":[{"id":2418,"href":"https:\/\/www.hotelcasasofia.com\/en\/wp-json\/wp\/v2\/pages\/69\/revisions\/2418"}],"wp:attachment":[{"href":"https:\/\/www.hotelcasasofia.com\/en\/wp-json\/wp\/v2\/media?parent=69"}],"curies":[{"name":"wp","href":"https:\/\/api.w.org\/{rel}","templated":true}]}}