{"id":155,"date":"2018-01-20T10:40:11","date_gmt":"2018-01-20T10:40:11","guid":{"rendered":"http:\/\/wordpress.hotelcasasofia.com\/?page_id=155"},"modified":"2026-01-10T16:05:21","modified_gmt":"2026-01-10T16:05:21","slug":"casa-sofia","status":"publish","type":"page","link":"https:\/\/www.hotelcasasofia.com\/fr\/casa-sofia","title":{"rendered":"Casa Sofia Boutique Hotel"},"content":{"rendered":"<div class=\"row-fluid\">\n<div class=\"item-page\">\n<div>\n<div id='gallery-1' class='gallery galleryid-155 gallery-columns-2 gallery-size-medium'><figure class='gallery-item'>\n\t\t\t<div class='gallery-icon portrait'>\n\t\t\t\t<a href='https:\/\/www.hotelcasasofia.com\/wp-content\/uploads\/2022\/04\/IMG_1653-scaled.jpg'><img loading=\"lazy\" decoding=\"async\" width=\"225\" height=\"300\" src=\"https:\/\/www.hotelcasasofia.com\/wp-content\/uploads\/2022\/04\/IMG_1653-225x300.jpg\" class=\"attachment-medium size-medium\" alt=\"\" srcset=\"https:\/\/www.hotelcasasofia.com\/wp-content\/uploads\/2022\/04\/IMG_1653-225x300.jpg 225w, https:\/\/www.hotelcasasofia.com\/wp-content\/uploads\/2022\/04\/IMG_1653-768x1024.jpg 768w, https:\/\/www.hotelcasasofia.com\/wp-content\/uploads\/2022\/04\/IMG_1653-1152x1536.jpg 1152w, https:\/\/www.hotelcasasofia.com\/wp-content\/uploads\/2022\/04\/IMG_1653-1536x2048.jpg 1536w, https:\/\/www.hotelcasasofia.com\/wp-content\/uploads\/2022\/04\/IMG_1653-scaled.jpg 1920w\" sizes=\"auto, (max-width: 225px) 100vw, 225px\" \/><\/a>\n\t\t\t<\/div><\/figure><figure class='gallery-item'>\n\t\t\t<div class='gallery-icon portrait'>\n\t\t\t\t<a href='https:\/\/www.hotelcasasofia.com\/wp-content\/uploads\/2022\/04\/IMG_1678.jpg'><img loading=\"lazy\" decoding=\"async\" width=\"222\" height=\"300\" src=\"https:\/\/www.hotelcasasofia.com\/wp-content\/uploads\/2022\/04\/IMG_1678-222x300.jpg\" class=\"attachment-medium size-medium\" alt=\"\" srcset=\"https:\/\/www.hotelcasasofia.com\/wp-content\/uploads\/2022\/04\/IMG_1678-222x300.jpg 222w, https:\/\/www.hotelcasasofia.com\/wp-content\/uploads\/2022\/04\/IMG_1678-758x1024.jpg 758w, https:\/\/www.hotelcasasofia.com\/wp-content\/uploads\/2022\/04\/IMG_1678-768x1038.jpg 768w, https:\/\/www.hotelcasasofia.com\/wp-content\/uploads\/2022\/04\/IMG_1678-1137x1536.jpg 1137w, https:\/\/www.hotelcasasofia.com\/wp-content\/uploads\/2022\/04\/IMG_1678.jpg 1170w\" sizes=\"auto, (max-width: 222px) 100vw, 222px\" \/><\/a>\n\t\t\t<\/div><\/figure>\n\t\t<\/div>\n\n<div id='gallery-2' class='gallery galleryid-155 gallery-columns-2 gallery-size-medium'><figure class='gallery-item'>\n\t\t\t<div class='gallery-icon portrait'>\n\t\t\t\t<a href='https:\/\/www.hotelcasasofia.com\/wp-content\/uploads\/2022\/04\/IMG_1681-1.jpg'><img loading=\"lazy\" decoding=\"async\" width=\"139\" height=\"300\" src=\"https:\/\/www.hotelcasasofia.com\/wp-content\/uploads\/2022\/04\/IMG_1681-1-139x300.jpg\" class=\"attachment-medium size-medium\" alt=\"\" srcset=\"https:\/\/www.hotelcasasofia.com\/wp-content\/uploads\/2022\/04\/IMG_1681-1-139x300.jpg 139w, https:\/\/www.hotelcasasofia.com\/wp-content\/uploads\/2022\/04\/IMG_1681-1-473x1024.jpg 473w, https:\/\/www.hotelcasasofia.com\/wp-content\/uploads\/2022\/04\/IMG_1681-1-768x1662.jpg 768w, https:\/\/www.hotelcasasofia.com\/wp-content\/uploads\/2022\/04\/IMG_1681-1-710x1536.jpg 710w, https:\/\/www.hotelcasasofia.com\/wp-content\/uploads\/2022\/04\/IMG_1681-1-946x2048.jpg 946w, https:\/\/www.hotelcasasofia.com\/wp-content\/uploads\/2022\/04\/IMG_1681-1.jpg 1170w\" sizes=\"auto, (max-width: 139px) 100vw, 139px\" \/><\/a>\n\t\t\t<\/div><\/figure><figure class='gallery-item'>\n\t\t\t<div class='gallery-icon landscape'>\n\t\t\t\t<a href='https:\/\/www.hotelcasasofia.com\/wp-content\/uploads\/2022\/04\/IMG_1289-1-scaled.jpg'><img loading=\"lazy\" decoding=\"async\" width=\"300\" height=\"225\" src=\"https:\/\/www.hotelcasasofia.com\/wp-content\/uploads\/2022\/04\/IMG_1289-1-300x225.jpg\" class=\"attachment-medium size-medium\" alt=\"\" srcset=\"https:\/\/www.hotelcasasofia.com\/wp-content\/uploads\/2022\/04\/IMG_1289-1-300x225.jpg 300w, https:\/\/www.hotelcasasofia.com\/wp-content\/uploads\/2022\/04\/IMG_1289-1-1024x768.jpg 1024w, https:\/\/www.hotelcasasofia.com\/wp-content\/uploads\/2022\/04\/IMG_1289-1-768x576.jpg 768w, https:\/\/www.hotelcasasofia.com\/wp-content\/uploads\/2022\/04\/IMG_1289-1-1536x1152.jpg 1536w, https:\/\/www.hotelcasasofia.com\/wp-content\/uploads\/2022\/04\/IMG_1289-1-2048x1536.jpg 2048w\" sizes=\"auto, (max-width: 300px) 100vw, 300px\" \/><\/a>\n\t\t\t<\/div><\/figure>\n\t\t<\/div>\n\n<p>L&#8217;H\u00f4tel Casa Sofia se trouve au-dessus de la mer en Sant&#8217;Angelo: la perle d&#8217;Ischia est situ\u00e9 sur la c\u00f4te sud de l&#8217;\u00eele. Un vieux village de p\u00eacheurs &#8211; le seul endroit sur l&#8217;\u00eele sans trafic des voitures. Une oasis de calme et un accueil fr\u00e9quent\u00e9 par les visiteurs internationaux, avec 600 habitants &#8211; le lieux pour les individualistes sur l&#8217;\u00eele.<\/p>\n<p>SANT&#8217;ANGELO situ\u00e9 sur une colline en haut du port et des rues, o\u00f9 on trouve les maisons color\u00e9es de les h\u00f4tels stylistiquement adaptes au charme d&#8217;endroit. Une autre caract\u00e9ristique frappante de S. Angelo est li\u00e9 par une bande de sable avec la ville, situ\u00e9e dans la mer, la montagne de 105 m\u00e8tres de hauteur origine s&#8217;appele \u00abTorre\u00bb situ\u00e9 sur les ruines d&#8217;un ancien tour sarrazine. Un peu en dessous on trouve les ruines d&#8217;une petite \u00e9glise, d\u00e9di\u00e9e \u00e0 l&#8217;Archange Michael l&#8217;endroit qui donne le nom au village. De &#8220;Torre&#8221; vous avez une vue magnifique sur S. Angelo et la Piazzetta.<\/p>\n<p>Dans la saison touristique (environ Juin \u00e0 d\u00e9but Octobre) les temp\u00e9ratures maximales sont entre 26 \u00b0 C et 35 \u00b0 C. En \u00e9t\u00e9, il y a environ quatre jours de pluie par mois, la mer est de Juin au Octobre 21\u00b0 C ou plus chaud.<\/p>\n<\/div>\n<div id='gallery-3' class='gallery galleryid-155 gallery-columns-2 gallery-size-medium'><figure class='gallery-item'>\n\t\t\t<div class='gallery-icon landscape'>\n\t\t\t\t<a href='https:\/\/www.hotelcasasofia.com\/wp-content\/uploads\/2022\/04\/IMG_1376-scaled.jpg'><img loading=\"lazy\" decoding=\"async\" width=\"300\" height=\"225\" src=\"https:\/\/www.hotelcasasofia.com\/wp-content\/uploads\/2022\/04\/IMG_1376-300x225.jpg\" class=\"attachment-medium size-medium\" alt=\"\" aria-describedby=\"gallery-3-1994\" srcset=\"https:\/\/www.hotelcasasofia.com\/wp-content\/uploads\/2022\/04\/IMG_1376-300x225.jpg 300w, https:\/\/www.hotelcasasofia.com\/wp-content\/uploads\/2022\/04\/IMG_1376-1024x768.jpg 1024w, https:\/\/www.hotelcasasofia.com\/wp-content\/uploads\/2022\/04\/IMG_1376-768x576.jpg 768w, https:\/\/www.hotelcasasofia.com\/wp-content\/uploads\/2022\/04\/IMG_1376-1536x1152.jpg 1536w, https:\/\/www.hotelcasasofia.com\/wp-content\/uploads\/2022\/04\/IMG_1376-2048x1536.jpg 2048w\" sizes=\"auto, (max-width: 300px) 100vw, 300px\" \/><\/a>\n\t\t\t<\/div>\n\t\t\t\t<figcaption class='wp-caption-text gallery-caption' id='gallery-3-1994'>\n\t\t\t\tBreakfast\n\t\t\t\t<\/figcaption><\/figure><figure class='gallery-item'>\n\t\t\t<div class='gallery-icon landscape'>\n\t\t\t\t<a href='https:\/\/www.hotelcasasofia.com\/wp-content\/uploads\/2022\/04\/IMG_1375-scaled.jpg'><img loading=\"lazy\" decoding=\"async\" width=\"300\" height=\"225\" src=\"https:\/\/www.hotelcasasofia.com\/wp-content\/uploads\/2022\/04\/IMG_1375-300x225.jpg\" class=\"attachment-medium size-medium\" alt=\"\" aria-describedby=\"gallery-3-1995\" srcset=\"https:\/\/www.hotelcasasofia.com\/wp-content\/uploads\/2022\/04\/IMG_1375-300x225.jpg 300w, https:\/\/www.hotelcasasofia.com\/wp-content\/uploads\/2022\/04\/IMG_1375-1024x768.jpg 1024w, https:\/\/www.hotelcasasofia.com\/wp-content\/uploads\/2022\/04\/IMG_1375-768x576.jpg 768w, https:\/\/www.hotelcasasofia.com\/wp-content\/uploads\/2022\/04\/IMG_1375-1536x1152.jpg 1536w, https:\/\/www.hotelcasasofia.com\/wp-content\/uploads\/2022\/04\/IMG_1375-2048x1536.jpg 2048w\" sizes=\"auto, (max-width: 300px) 100vw, 300px\" \/><\/a>\n\t\t\t<\/div>\n\t\t\t\t<figcaption class='wp-caption-text gallery-caption' id='gallery-3-1995'>\n\t\t\t\tBreakfast\n\t\t\t\t<\/figcaption><\/figure>\n\t\t<\/div>\n\n<div id='gallery-4' class='gallery galleryid-155 gallery-columns-2 gallery-size-medium'><figure class='gallery-item'>\n\t\t\t<div class='gallery-icon landscape'>\n\t\t\t\t<a href='https:\/\/www.hotelcasasofia.com\/wp-content\/uploads\/2022\/04\/IMG_1421-scaled.jpg'><img loading=\"lazy\" decoding=\"async\" width=\"300\" height=\"225\" src=\"https:\/\/www.hotelcasasofia.com\/wp-content\/uploads\/2022\/04\/IMG_1421-300x225.jpg\" class=\"attachment-medium size-medium\" alt=\"\" aria-describedby=\"gallery-4-1993\" srcset=\"https:\/\/www.hotelcasasofia.com\/wp-content\/uploads\/2022\/04\/IMG_1421-300x225.jpg 300w, https:\/\/www.hotelcasasofia.com\/wp-content\/uploads\/2022\/04\/IMG_1421-1024x768.jpg 1024w, https:\/\/www.hotelcasasofia.com\/wp-content\/uploads\/2022\/04\/IMG_1421-768x576.jpg 768w, https:\/\/www.hotelcasasofia.com\/wp-content\/uploads\/2022\/04\/IMG_1421-1536x1152.jpg 1536w, https:\/\/www.hotelcasasofia.com\/wp-content\/uploads\/2022\/04\/IMG_1421-2048x1536.jpg 2048w\" sizes=\"auto, (max-width: 300px) 100vw, 300px\" \/><\/a>\n\t\t\t<\/div>\n\t\t\t\t<figcaption class='wp-caption-text gallery-caption' id='gallery-4-1993'>\n\t\t\t\tBreakfast\n\t\t\t\t<\/figcaption><\/figure><figure class='gallery-item'>\n\t\t\t<div class='gallery-icon landscape'>\n\t\t\t\t<a href='https:\/\/www.hotelcasasofia.com\/wp-content\/uploads\/2022\/04\/IMG_1377-scaled.jpg'><img loading=\"lazy\" decoding=\"async\" width=\"300\" height=\"225\" src=\"https:\/\/www.hotelcasasofia.com\/wp-content\/uploads\/2022\/04\/IMG_1377-300x225.jpg\" class=\"attachment-medium size-medium\" alt=\"\" aria-describedby=\"gallery-4-1998\" srcset=\"https:\/\/www.hotelcasasofia.com\/wp-content\/uploads\/2022\/04\/IMG_1377-300x225.jpg 300w, https:\/\/www.hotelcasasofia.com\/wp-content\/uploads\/2022\/04\/IMG_1377-1024x768.jpg 1024w, https:\/\/www.hotelcasasofia.com\/wp-content\/uploads\/2022\/04\/IMG_1377-768x576.jpg 768w, https:\/\/www.hotelcasasofia.com\/wp-content\/uploads\/2022\/04\/IMG_1377-1536x1152.jpg 1536w, https:\/\/www.hotelcasasofia.com\/wp-content\/uploads\/2022\/04\/IMG_1377-2048x1536.jpg 2048w\" sizes=\"auto, (max-width: 300px) 100vw, 300px\" \/><\/a>\n\t\t\t<\/div>\n\t\t\t\t<figcaption class='wp-caption-text gallery-caption' id='gallery-4-1998'>\n\t\t\t\tBreakfast\n\t\t\t\t<\/figcaption><\/figure>\n\t\t<\/div>\n\n<div id='gallery-5' class='gallery galleryid-155 gallery-columns-2 gallery-size-medium'><figure class='gallery-item'>\n\t\t\t<div class='gallery-icon portrait'>\n\t\t\t\t<a href='https:\/\/www.hotelcasasofia.com\/wp-content\/uploads\/2022\/05\/IMG_1689-scaled.jpg'><img loading=\"lazy\" decoding=\"async\" width=\"225\" height=\"300\" src=\"https:\/\/www.hotelcasasofia.com\/wp-content\/uploads\/2022\/05\/IMG_1689-225x300.jpg\" class=\"attachment-medium size-medium\" alt=\"\" srcset=\"https:\/\/www.hotelcasasofia.com\/wp-content\/uploads\/2022\/05\/IMG_1689-225x300.jpg 225w, https:\/\/www.hotelcasasofia.com\/wp-content\/uploads\/2022\/05\/IMG_1689-768x1024.jpg 768w, https:\/\/www.hotelcasasofia.com\/wp-content\/uploads\/2022\/05\/IMG_1689-1152x1536.jpg 1152w, https:\/\/www.hotelcasasofia.com\/wp-content\/uploads\/2022\/05\/IMG_1689-1536x2048.jpg 1536w, https:\/\/www.hotelcasasofia.com\/wp-content\/uploads\/2022\/05\/IMG_1689-scaled.jpg 1920w\" sizes=\"auto, (max-width: 225px) 100vw, 225px\" \/><\/a>\n\t\t\t<\/div><\/figure><figure class='gallery-item'>\n\t\t\t<div class='gallery-icon landscape'>\n\t\t\t\t<a href='https:\/\/www.hotelcasasofia.com\/wp-content\/uploads\/2022\/05\/IMG_1644-scaled.jpg'><img loading=\"lazy\" decoding=\"async\" width=\"300\" height=\"225\" src=\"https:\/\/www.hotelcasasofia.com\/wp-content\/uploads\/2022\/05\/IMG_1644-300x225.jpg\" class=\"attachment-medium size-medium\" alt=\"\" srcset=\"https:\/\/www.hotelcasasofia.com\/wp-content\/uploads\/2022\/05\/IMG_1644-300x225.jpg 300w, https:\/\/www.hotelcasasofia.com\/wp-content\/uploads\/2022\/05\/IMG_1644-1024x768.jpg 1024w, https:\/\/www.hotelcasasofia.com\/wp-content\/uploads\/2022\/05\/IMG_1644-768x576.jpg 768w, https:\/\/www.hotelcasasofia.com\/wp-content\/uploads\/2022\/05\/IMG_1644-1536x1152.jpg 1536w, https:\/\/www.hotelcasasofia.com\/wp-content\/uploads\/2022\/05\/IMG_1644-2048x1536.jpg 2048w\" sizes=\"auto, (max-width: 300px) 100vw, 300px\" \/><\/a>\n\t\t\t<\/div><\/figure>\n\t\t<\/div>\n\n<div id='gallery-6' class='gallery galleryid-155 gallery-columns-2 gallery-size-medium'><figure class='gallery-item'>\n\t\t\t<div class='gallery-icon landscape'>\n\t\t\t\t<a href='https:\/\/www.hotelcasasofia.com\/wp-content\/uploads\/2022\/04\/IMG_1344-scaled.jpg'><img loading=\"lazy\" decoding=\"async\" width=\"300\" height=\"225\" src=\"https:\/\/www.hotelcasasofia.com\/wp-content\/uploads\/2022\/04\/IMG_1344-300x225.jpg\" class=\"attachment-medium size-medium\" alt=\"\" aria-describedby=\"gallery-6-2016\" srcset=\"https:\/\/www.hotelcasasofia.com\/wp-content\/uploads\/2022\/04\/IMG_1344-300x225.jpg 300w, https:\/\/www.hotelcasasofia.com\/wp-content\/uploads\/2022\/04\/IMG_1344-1024x768.jpg 1024w, https:\/\/www.hotelcasasofia.com\/wp-content\/uploads\/2022\/04\/IMG_1344-768x576.jpg 768w, https:\/\/www.hotelcasasofia.com\/wp-content\/uploads\/2022\/04\/IMG_1344-1536x1152.jpg 1536w, https:\/\/www.hotelcasasofia.com\/wp-content\/uploads\/2022\/04\/IMG_1344-2048x1536.jpg 2048w\" sizes=\"auto, (max-width: 300px) 100vw, 300px\" \/><\/a>\n\t\t\t<\/div>\n\t\t\t\t<figcaption class='wp-caption-text gallery-caption' id='gallery-6-2016'>\n\t\t\t\tSalone\n\t\t\t\t<\/figcaption><\/figure><figure class='gallery-item'>\n\t\t\t<div class='gallery-icon portrait'>\n\t\t\t\t<a href='https:\/\/www.hotelcasasofia.com\/wp-content\/uploads\/2022\/04\/IMG_1190-scaled.jpg'><img loading=\"lazy\" decoding=\"async\" width=\"225\" height=\"300\" src=\"https:\/\/www.hotelcasasofia.com\/wp-content\/uploads\/2022\/04\/IMG_1190-225x300.jpg\" class=\"attachment-medium size-medium\" alt=\"\" aria-describedby=\"gallery-6-2012\" srcset=\"https:\/\/www.hotelcasasofia.com\/wp-content\/uploads\/2022\/04\/IMG_1190-225x300.jpg 225w, https:\/\/www.hotelcasasofia.com\/wp-content\/uploads\/2022\/04\/IMG_1190-768x1024.jpg 768w, https:\/\/www.hotelcasasofia.com\/wp-content\/uploads\/2022\/04\/IMG_1190-1152x1536.jpg 1152w, https:\/\/www.hotelcasasofia.com\/wp-content\/uploads\/2022\/04\/IMG_1190-1536x2048.jpg 1536w, https:\/\/www.hotelcasasofia.com\/wp-content\/uploads\/2022\/04\/IMG_1190-scaled.jpg 1920w\" sizes=\"auto, (max-width: 225px) 100vw, 225px\" \/><\/a>\n\t\t\t<\/div>\n\t\t\t\t<figcaption class='wp-caption-text gallery-caption' id='gallery-6-2012'>\n\t\t\t\tSalone\n\t\t\t\t<\/figcaption><\/figure>\n\t\t<\/div>\n\n<div id='gallery-7' class='gallery galleryid-155 gallery-columns-2 gallery-size-medium'><figure class='gallery-item'>\n\t\t\t<div class='gallery-icon portrait'>\n\t\t\t\t<a href='https:\/\/www.hotelcasasofia.com\/wp-content\/uploads\/2022\/04\/IMG_1187-scaled.jpg'><img loading=\"lazy\" decoding=\"async\" width=\"225\" height=\"300\" src=\"https:\/\/www.hotelcasasofia.com\/wp-content\/uploads\/2022\/04\/IMG_1187-225x300.jpg\" class=\"attachment-medium size-medium\" alt=\"\" aria-describedby=\"gallery-7-2015\" srcset=\"https:\/\/www.hotelcasasofia.com\/wp-content\/uploads\/2022\/04\/IMG_1187-225x300.jpg 225w, https:\/\/www.hotelcasasofia.com\/wp-content\/uploads\/2022\/04\/IMG_1187-768x1024.jpg 768w, https:\/\/www.hotelcasasofia.com\/wp-content\/uploads\/2022\/04\/IMG_1187-1152x1536.jpg 1152w, https:\/\/www.hotelcasasofia.com\/wp-content\/uploads\/2022\/04\/IMG_1187-1536x2048.jpg 1536w, https:\/\/www.hotelcasasofia.com\/wp-content\/uploads\/2022\/04\/IMG_1187-scaled.jpg 1920w\" sizes=\"auto, (max-width: 225px) 100vw, 225px\" \/><\/a>\n\t\t\t<\/div>\n\t\t\t\t<figcaption class='wp-caption-text gallery-caption' id='gallery-7-2015'>\n\t\t\t\tSalone\n\t\t\t\t<\/figcaption><\/figure><figure class='gallery-item'>\n\t\t\t<div class='gallery-icon landscape'>\n\t\t\t\t<a href='https:\/\/www.hotelcasasofia.com\/wp-content\/uploads\/2022\/04\/IMG_1382-scaled.jpg'><img loading=\"lazy\" decoding=\"async\" width=\"300\" height=\"225\" src=\"https:\/\/www.hotelcasasofia.com\/wp-content\/uploads\/2022\/04\/IMG_1382-300x225.jpg\" class=\"attachment-medium size-medium\" alt=\"\" aria-describedby=\"gallery-7-2017\" srcset=\"https:\/\/www.hotelcasasofia.com\/wp-content\/uploads\/2022\/04\/IMG_1382-300x225.jpg 300w, https:\/\/www.hotelcasasofia.com\/wp-content\/uploads\/2022\/04\/IMG_1382-1024x768.jpg 1024w, https:\/\/www.hotelcasasofia.com\/wp-content\/uploads\/2022\/04\/IMG_1382-768x576.jpg 768w, https:\/\/www.hotelcasasofia.com\/wp-content\/uploads\/2022\/04\/IMG_1382-1536x1152.jpg 1536w, https:\/\/www.hotelcasasofia.com\/wp-content\/uploads\/2022\/04\/IMG_1382-2048x1536.jpg 2048w\" sizes=\"auto, (max-width: 300px) 100vw, 300px\" \/><\/a>\n\t\t\t<\/div>\n\t\t\t\t<figcaption class='wp-caption-text gallery-caption' id='gallery-7-2017'>\n\t\t\t\tSalone\n\t\t\t\t<\/figcaption><\/figure>\n\t\t<\/div>\n\n<div id='gallery-8' class='gallery galleryid-155 gallery-columns-2 gallery-size-medium'><figure class='gallery-item'>\n\t\t\t<div class='gallery-icon landscape'>\n\t\t\t\t<a href='https:\/\/www.hotelcasasofia.com\/wp-content\/uploads\/2022\/04\/IMG_1629-scaled.jpg'><img loading=\"lazy\" decoding=\"async\" width=\"300\" height=\"225\" src=\"https:\/\/www.hotelcasasofia.com\/wp-content\/uploads\/2022\/04\/IMG_1629-300x225.jpg\" class=\"attachment-medium size-medium\" alt=\"\" srcset=\"https:\/\/www.hotelcasasofia.com\/wp-content\/uploads\/2022\/04\/IMG_1629-300x225.jpg 300w, https:\/\/www.hotelcasasofia.com\/wp-content\/uploads\/2022\/04\/IMG_1629-1024x768.jpg 1024w, https:\/\/www.hotelcasasofia.com\/wp-content\/uploads\/2022\/04\/IMG_1629-768x576.jpg 768w, https:\/\/www.hotelcasasofia.com\/wp-content\/uploads\/2022\/04\/IMG_1629-1536x1152.jpg 1536w, https:\/\/www.hotelcasasofia.com\/wp-content\/uploads\/2022\/04\/IMG_1629-2048x1536.jpg 2048w\" sizes=\"auto, (max-width: 300px) 100vw, 300px\" \/><\/a>\n\t\t\t<\/div><\/figure><figure class='gallery-item'>\n\t\t\t<div class='gallery-icon landscape'>\n\t\t\t\t<a href='https:\/\/www.hotelcasasofia.com\/wp-content\/uploads\/2022\/04\/IMG_1554-1-scaled.jpg'><img loading=\"lazy\" decoding=\"async\" width=\"300\" height=\"225\" src=\"https:\/\/www.hotelcasasofia.com\/wp-content\/uploads\/2022\/04\/IMG_1554-1-300x225.jpg\" class=\"attachment-medium size-medium\" alt=\"\" srcset=\"https:\/\/www.hotelcasasofia.com\/wp-content\/uploads\/2022\/04\/IMG_1554-1-300x225.jpg 300w, https:\/\/www.hotelcasasofia.com\/wp-content\/uploads\/2022\/04\/IMG_1554-1-1024x768.jpg 1024w, https:\/\/www.hotelcasasofia.com\/wp-content\/uploads\/2022\/04\/IMG_1554-1-768x576.jpg 768w, https:\/\/www.hotelcasasofia.com\/wp-content\/uploads\/2022\/04\/IMG_1554-1-1536x1152.jpg 1536w, https:\/\/www.hotelcasasofia.com\/wp-content\/uploads\/2022\/04\/IMG_1554-1-2048x1536.jpg 2048w\" sizes=\"auto, (max-width: 300px) 100vw, 300px\" \/><\/a>\n\t\t\t<\/div><\/figure>\n\t\t<\/div>\n\n\n<div id='gallery-10' class='gallery galleryid-155 gallery-columns-2 gallery-size-medium'><figure class='gallery-item'>\n\t\t\t<div class='gallery-icon landscape'>\n\t\t\t\t<a href='https:\/\/www.hotelcasasofia.com\/wp-content\/uploads\/2020\/07\/682cc366-e560-46e6-8ab5-780a22f73ce3.jpg'><img loading=\"lazy\" decoding=\"async\" width=\"300\" height=\"225\" src=\"https:\/\/www.hotelcasasofia.com\/wp-content\/uploads\/2020\/07\/682cc366-e560-46e6-8ab5-780a22f73ce3-300x225.jpg\" class=\"attachment-medium size-medium\" alt=\"\" srcset=\"https:\/\/www.hotelcasasofia.com\/wp-content\/uploads\/2020\/07\/682cc366-e560-46e6-8ab5-780a22f73ce3-300x225.jpg 300w, https:\/\/www.hotelcasasofia.com\/wp-content\/uploads\/2020\/07\/682cc366-e560-46e6-8ab5-780a22f73ce3-768x576.jpg 768w, https:\/\/www.hotelcasasofia.com\/wp-content\/uploads\/2020\/07\/682cc366-e560-46e6-8ab5-780a22f73ce3.jpg 1024w\" sizes=\"auto, (max-width: 300px) 100vw, 300px\" \/><\/a>\n\t\t\t<\/div><\/figure><figure class='gallery-item'>\n\t\t\t<div class='gallery-icon portrait'>\n\t\t\t\t<a href='https:\/\/www.hotelcasasofia.com\/wp-content\/uploads\/2020\/07\/IMG_3171.jpg'><img loading=\"lazy\" decoding=\"async\" width=\"184\" height=\"300\" src=\"https:\/\/www.hotelcasasofia.com\/wp-content\/uploads\/2020\/07\/IMG_3171-184x300.jpg\" class=\"attachment-medium size-medium\" alt=\"\" srcset=\"https:\/\/www.hotelcasasofia.com\/wp-content\/uploads\/2020\/07\/IMG_3171-184x300.jpg 184w, https:\/\/www.hotelcasasofia.com\/wp-content\/uploads\/2020\/07\/IMG_3171-630x1024.jpg 630w, https:\/\/www.hotelcasasofia.com\/wp-content\/uploads\/2020\/07\/IMG_3171-768x1249.jpg 768w, https:\/\/www.hotelcasasofia.com\/wp-content\/uploads\/2020\/07\/IMG_3171.jpg 787w\" sizes=\"auto, (max-width: 184px) 100vw, 184px\" \/><\/a>\n\t\t\t<\/div><\/figure>\n\t\t<\/div>\n\n<div id='gallery-11' class='gallery galleryid-155 gallery-columns-2 gallery-size-medium'><figure class='gallery-item'>\n\t\t\t<div class='gallery-icon portrait'>\n\t\t\t\t<a href='https:\/\/www.hotelcasasofia.com\/wp-content\/uploads\/2022\/05\/IMG_1558-scaled.jpg'><img loading=\"lazy\" decoding=\"async\" width=\"225\" height=\"300\" src=\"https:\/\/www.hotelcasasofia.com\/wp-content\/uploads\/2022\/05\/IMG_1558-225x300.jpg\" class=\"attachment-medium size-medium\" alt=\"\" srcset=\"https:\/\/www.hotelcasasofia.com\/wp-content\/uploads\/2022\/05\/IMG_1558-225x300.jpg 225w, https:\/\/www.hotelcasasofia.com\/wp-content\/uploads\/2022\/05\/IMG_1558-768x1024.jpg 768w, https:\/\/www.hotelcasasofia.com\/wp-content\/uploads\/2022\/05\/IMG_1558-1152x1536.jpg 1152w, https:\/\/www.hotelcasasofia.com\/wp-content\/uploads\/2022\/05\/IMG_1558-1536x2048.jpg 1536w, https:\/\/www.hotelcasasofia.com\/wp-content\/uploads\/2022\/05\/IMG_1558-scaled.jpg 1920w\" sizes=\"auto, (max-width: 225px) 100vw, 225px\" \/><\/a>\n\t\t\t<\/div><\/figure><figure class='gallery-item'>\n\t\t\t<div class='gallery-icon landscape'>\n\t\t\t\t<a href='https:\/\/www.hotelcasasofia.com\/wp-content\/uploads\/2020\/07\/9bb89dd5-cd38-4690-97c4-cc99e2c3f6a2.jpg'><img loading=\"lazy\" decoding=\"async\" width=\"300\" height=\"225\" src=\"https:\/\/www.hotelcasasofia.com\/wp-content\/uploads\/2020\/07\/9bb89dd5-cd38-4690-97c4-cc99e2c3f6a2-300x225.jpg\" class=\"attachment-medium size-medium\" alt=\"\" srcset=\"https:\/\/www.hotelcasasofia.com\/wp-content\/uploads\/2020\/07\/9bb89dd5-cd38-4690-97c4-cc99e2c3f6a2-300x225.jpg 300w, https:\/\/www.hotelcasasofia.com\/wp-content\/uploads\/2020\/07\/9bb89dd5-cd38-4690-97c4-cc99e2c3f6a2-768x576.jpg 768w, https:\/\/www.hotelcasasofia.com\/wp-content\/uploads\/2020\/07\/9bb89dd5-cd38-4690-97c4-cc99e2c3f6a2.jpg 1024w\" sizes=\"auto, (max-width: 300px) 100vw, 300px\" \/><\/a>\n\t\t\t<\/div><\/figure>\n\t\t<\/div>\n\n<\/div>\n<\/div>\n","protected":false},"excerpt":{"rendered":"<p>L&#8217;H\u00f4tel Casa Sofia se trouve au-dessus de la mer en Sant&#8217;Angelo: la perle d&#8217;Ischia est situ\u00e9 sur la c\u00f4te sud de l&#8217;\u00eele. Un&#8230;<\/p>\n","protected":false},"author":2,"featured_media":0,"parent":0,"menu_order":0,"comment_status":"closed","ping_status":"closed","template":"","meta":{"footnotes":""},"class_list":["post-155","page","type-page","status-publish","hentry"],"translation":{"provider":"WPGlobus","version":"3.0.2","language":"fr","enabled_languages":["it","de","en","fr"],"languages":{"it":{"title":true,"content":true,"excerpt":false},"de":{"title":true,"content":true,"excerpt":false},"en":{"title":true,"content":true,"excerpt":false},"fr":{"title":true,"content":true,"excerpt":false}}},"_links":{"self":[{"href":"https:\/\/www.hotelcasasofia.com\/fr\/wp-json\/wp\/v2\/pages\/155","targetHints":{"allow":["GET"]}}],"collection":[{"href":"https:\/\/www.hotelcasasofia.com\/fr\/wp-json\/wp\/v2\/pages"}],"about":[{"href":"https:\/\/www.hotelcasasofia.com\/fr\/wp-json\/wp\/v2\/types\/page"}],"author":[{"embeddable":true,"href":"https:\/\/www.hotelcasasofia.com\/fr\/wp-json\/wp\/v2\/users\/2"}],"replies":[{"embeddable":true,"href":"https:\/\/www.hotelcasasofia.com\/fr\/wp-json\/wp\/v2\/comments?post=155"}],"version-history":[{"count":151,"href":"https:\/\/www.hotelcasasofia.com\/fr\/wp-json\/wp\/v2\/pages\/155\/revisions"}],"predecessor-version":[{"id":2378,"href":"https:\/\/www.hotelcasasofia.com\/fr\/wp-json\/wp\/v2\/pages\/155\/revisions\/2378"}],"wp:attachment":[{"href":"https:\/\/www.hotelcasasofia.com\/fr\/wp-json\/wp\/v2\/media?parent=155"}],"curies":[{"name":"wp","href":"https:\/\/api.w.org\/{rel}","templated":true}]}}