{"id":219,"date":"2018-01-29T23:02:36","date_gmt":"2018-01-29T23:02:36","guid":{"rendered":"http:\/\/wordpress.hotelcasasofia.com\/?page_id=219"},"modified":"2018-02-07T22:26:03","modified_gmt":"2018-02-07T22:26:03","slug":"pompeji-neapel","status":"publish","type":"page","link":"https:\/\/www.hotelcasasofia.com\/fr\/pompeji-neapel","title":{"rendered":"Pomp\u00e9i \/ Naples"},"content":{"rendered":"<p>Sur l&#8217;\u00eele, vous pouvez \u00e9galement r\u00e9server plusieurs excursions d&#8217;une journ\u00e9e vers des destinations int\u00e9ressantes comme Naples, le V\u00e9suve, Pomp\u00e9i, C\u00f4te amalfitaine, Herculanum, Paestum et les \u00eeles voisines de Procida et Capri. Nous pouvons vous aider dans notre h\u00f4tel \/ pension de famille lors de la r\u00e9servation.<\/p>\n\n\n\n\n\n","protected":false},"excerpt":{"rendered":"<p>Sur l&#8217;\u00eele, vous pouvez \u00e9galement r\u00e9server plusieurs excursions d&#8217;une journ\u00e9e vers des destinations int\u00e9ressantes comme Naples, le V\u00e9suve, Pomp\u00e9i, C\u00f4te amalfitaine, Herculanum, Paestum&#8230;<\/p>\n","protected":false},"author":2,"featured_media":0,"parent":0,"menu_order":0,"comment_status":"closed","ping_status":"closed","template":"","meta":{"footnotes":""},"class_list":["post-219","page","type-page","status-publish","hentry"],"translation":{"provider":"WPGlobus","version":"3.0.2","language":"fr","enabled_languages":["it","de","en","fr"],"languages":{"it":{"title":true,"content":true,"excerpt":false},"de":{"title":true,"content":true,"excerpt":false},"en":{"title":true,"content":true,"excerpt":false},"fr":{"title":true,"content":true,"excerpt":false}}},"_links":{"self":[{"href":"https:\/\/www.hotelcasasofia.com\/fr\/wp-json\/wp\/v2\/pages\/219","targetHints":{"allow":["GET"]}}],"collection":[{"href":"https:\/\/www.hotelcasasofia.com\/fr\/wp-json\/wp\/v2\/pages"}],"about":[{"href":"https:\/\/www.hotelcasasofia.com\/fr\/wp-json\/wp\/v2\/types\/page"}],"author":[{"embeddable":true,"href":"https:\/\/www.hotelcasasofia.com\/fr\/wp-json\/wp\/v2\/users\/2"}],"replies":[{"embeddable":true,"href":"https:\/\/www.hotelcasasofia.com\/fr\/wp-json\/wp\/v2\/comments?post=219"}],"version-history":[{"count":10,"href":"https:\/\/www.hotelcasasofia.com\/fr\/wp-json\/wp\/v2\/pages\/219\/revisions"}],"predecessor-version":[{"id":658,"href":"https:\/\/www.hotelcasasofia.com\/fr\/wp-json\/wp\/v2\/pages\/219\/revisions\/658"}],"wp:attachment":[{"href":"https:\/\/www.hotelcasasofia.com\/fr\/wp-json\/wp\/v2\/media?parent=219"}],"curies":[{"name":"wp","href":"https:\/\/api.w.org\/{rel}","templated":true}]}}