{"id":294,"date":"2018-01-30T00:58:06","date_gmt":"2018-01-30T00:58:06","guid":{"rendered":"http:\/\/wordpress.hotelcasasofia.com\/?page_id=294"},"modified":"2025-11-24T16:48:39","modified_gmt":"2025-11-24T16:48:39","slug":"meer","status":"publish","type":"page","link":"https:\/\/www.hotelcasasofia.com\/fr\/meer","title":{"rendered":"Mer"},"content":{"rendered":"<div id='gallery-1' class='gallery galleryid-294 gallery-columns-2 gallery-size-medium'><figure class='gallery-item'>\n\t\t\t<div class='gallery-icon portrait'>\n\t\t\t\t<a href='https:\/\/www.hotelcasasofia.com\/fr\/_dsc3206'><img loading=\"lazy\" decoding=\"async\" width=\"199\" height=\"300\" src=\"https:\/\/www.hotelcasasofia.com\/wp-content\/uploads\/2018\/01\/DSC3206-199x300.jpg\" class=\"attachment-medium size-medium\" alt=\"\" srcset=\"https:\/\/www.hotelcasasofia.com\/wp-content\/uploads\/2018\/01\/DSC3206-199x300.jpg 199w, https:\/\/www.hotelcasasofia.com\/wp-content\/uploads\/2018\/01\/DSC3206-768x1156.jpg 768w, https:\/\/www.hotelcasasofia.com\/wp-content\/uploads\/2018\/01\/DSC3206-681x1024.jpg 681w, https:\/\/www.hotelcasasofia.com\/wp-content\/uploads\/2018\/01\/DSC3206.jpg 1361w\" sizes=\"auto, (max-width: 199px) 100vw, 199px\" \/><\/a>\n\t\t\t<\/div><\/figure>\n\t\t<\/div>\n\n<p>Ischia est l&#8217;un des paradis de sports nautiques de l&#8217;Italie. On peut \u00e0 Ischia pour la voile, le surf, le cano\u00eb, bateau \u00e0 moteur, la course jet ski, plong\u00e9e sous-marine, la plong\u00e9e et la natation. Populaires installations de sports nautiques sur la plage Ischia Maronti, juste au-dessous de la Casa Sofia, \u00e9galement tr\u00e8s appropri\u00e9 pour les amateurs de soleil et se baigner vacances joyeux, le sable est d&#8217;origine volcanique compte. Toujours dans le domaine de la plong\u00e9e Ischia a quelque chose \u00e0 offrir une vari\u00e9t\u00e9 de services de plong\u00e9e attractifs pour les touristes, des ateliers d&#8217;initiation, des cours et des cours de perfectionnement.<\/p>\n<div id='gallery-2' class='gallery galleryid-294 gallery-columns-2 gallery-size-medium'><figure class='gallery-item'>\n\t\t\t<div class='gallery-icon landscape'>\n\t\t\t\t<a href='https:\/\/www.hotelcasasofia.com\/fr\/_dsc1734_dxo'><img loading=\"lazy\" decoding=\"async\" width=\"300\" height=\"200\" src=\"https:\/\/www.hotelcasasofia.com\/wp-content\/uploads\/2018\/01\/DSC1734_DxO-300x200.jpg\" class=\"attachment-medium size-medium\" alt=\"\" srcset=\"https:\/\/www.hotelcasasofia.com\/wp-content\/uploads\/2018\/01\/DSC1734_DxO-300x200.jpg 300w, https:\/\/www.hotelcasasofia.com\/wp-content\/uploads\/2018\/01\/DSC1734_DxO-768x513.jpg 768w, https:\/\/www.hotelcasasofia.com\/wp-content\/uploads\/2018\/01\/DSC1734_DxO-1024x684.jpg 1024w\" sizes=\"auto, (max-width: 300px) 100vw, 300px\" \/><\/a>\n\t\t\t<\/div><\/figure><figure class='gallery-item'>\n\t\t\t<div class='gallery-icon landscape'>\n\t\t\t\t<a href='https:\/\/www.hotelcasasofia.com\/fr\/_dsc2818'><img loading=\"lazy\" decoding=\"async\" width=\"300\" height=\"200\" src=\"https:\/\/www.hotelcasasofia.com\/wp-content\/uploads\/2018\/01\/DSC2818-300x200.jpg\" class=\"attachment-medium size-medium\" alt=\"\" srcset=\"https:\/\/www.hotelcasasofia.com\/wp-content\/uploads\/2018\/01\/DSC2818-300x200.jpg 300w, https:\/\/www.hotelcasasofia.com\/wp-content\/uploads\/2018\/01\/DSC2818-768x511.jpg 768w, https:\/\/www.hotelcasasofia.com\/wp-content\/uploads\/2018\/01\/DSC2818-1024x682.jpg 1024w, https:\/\/www.hotelcasasofia.com\/wp-content\/uploads\/2018\/01\/DSC2818.jpg 1600w\" sizes=\"auto, (max-width: 300px) 100vw, 300px\" \/><\/a>\n\t\t\t<\/div><\/figure>\n\t\t<\/div>\n\n<div id='gallery-3' class='gallery galleryid-294 gallery-columns-2 gallery-size-medium'><figure class='gallery-item'>\n\t\t\t<div class='gallery-icon landscape'>\n\t\t\t\t<a href='https:\/\/www.hotelcasasofia.com\/fr\/_dsc7288_dxo'><img loading=\"lazy\" decoding=\"async\" width=\"300\" height=\"200\" src=\"https:\/\/www.hotelcasasofia.com\/wp-content\/uploads\/2018\/01\/DSC7288_DxO-300x200.jpg\" class=\"attachment-medium size-medium\" alt=\"\" srcset=\"https:\/\/www.hotelcasasofia.com\/wp-content\/uploads\/2018\/01\/DSC7288_DxO-300x200.jpg 300w, https:\/\/www.hotelcasasofia.com\/wp-content\/uploads\/2018\/01\/DSC7288_DxO-768x513.jpg 768w, https:\/\/www.hotelcasasofia.com\/wp-content\/uploads\/2018\/01\/DSC7288_DxO-1024x684.jpg 1024w\" sizes=\"auto, (max-width: 300px) 100vw, 300px\" \/><\/a>\n\t\t\t<\/div><\/figure><figure class='gallery-item'>\n\t\t\t<div class='gallery-icon landscape'>\n\t\t\t\t<a href='https:\/\/www.hotelcasasofia.com\/fr\/_dsc7272_dxo'><img loading=\"lazy\" decoding=\"async\" width=\"300\" height=\"200\" src=\"https:\/\/www.hotelcasasofia.com\/wp-content\/uploads\/2018\/01\/DSC7272_DxO-300x200.jpg\" class=\"attachment-medium size-medium\" alt=\"\" srcset=\"https:\/\/www.hotelcasasofia.com\/wp-content\/uploads\/2018\/01\/DSC7272_DxO-300x200.jpg 300w, https:\/\/www.hotelcasasofia.com\/wp-content\/uploads\/2018\/01\/DSC7272_DxO-768x513.jpg 768w, https:\/\/www.hotelcasasofia.com\/wp-content\/uploads\/2018\/01\/DSC7272_DxO-1024x684.jpg 1024w\" sizes=\"auto, (max-width: 300px) 100vw, 300px\" \/><\/a>\n\t\t\t<\/div><\/figure>\n\t\t<\/div>\n\n<div id='gallery-4' class='gallery galleryid-294 gallery-columns-2 gallery-size-medium'><figure class='gallery-item'>\n\t\t\t<div class='gallery-icon landscape'>\n\t\t\t\t<a href='https:\/\/www.hotelcasasofia.com\/fr\/_dsc3075'><img loading=\"lazy\" decoding=\"async\" width=\"300\" height=\"199\" src=\"https:\/\/www.hotelcasasofia.com\/wp-content\/uploads\/2018\/01\/DSC3075-300x199.jpg\" class=\"attachment-medium size-medium\" alt=\"\" srcset=\"https:\/\/www.hotelcasasofia.com\/wp-content\/uploads\/2018\/01\/DSC3075-300x199.jpg 300w, https:\/\/www.hotelcasasofia.com\/wp-content\/uploads\/2018\/01\/DSC3075-768x510.jpg 768w, https:\/\/www.hotelcasasofia.com\/wp-content\/uploads\/2018\/01\/DSC3075-1024x681.jpg 1024w, https:\/\/www.hotelcasasofia.com\/wp-content\/uploads\/2018\/01\/DSC3075.jpg 2048w\" sizes=\"auto, (max-width: 300px) 100vw, 300px\" \/><\/a>\n\t\t\t<\/div><\/figure><figure class='gallery-item'>\n\t\t\t<div class='gallery-icon landscape'>\n\t\t\t\t<a href='https:\/\/www.hotelcasasofia.com\/fr\/_dsc2869'><img loading=\"lazy\" decoding=\"async\" width=\"300\" height=\"199\" src=\"https:\/\/www.hotelcasasofia.com\/wp-content\/uploads\/2018\/01\/DSC2869-300x199.jpg\" class=\"attachment-medium size-medium\" alt=\"\" srcset=\"https:\/\/www.hotelcasasofia.com\/wp-content\/uploads\/2018\/01\/DSC2869-300x199.jpg 300w, https:\/\/www.hotelcasasofia.com\/wp-content\/uploads\/2018\/01\/DSC2869-768x510.jpg 768w, https:\/\/www.hotelcasasofia.com\/wp-content\/uploads\/2018\/01\/DSC2869-1024x681.jpg 1024w, https:\/\/www.hotelcasasofia.com\/wp-content\/uploads\/2018\/01\/DSC2869.jpg 2048w\" sizes=\"auto, (max-width: 300px) 100vw, 300px\" \/><\/a>\n\t\t\t<\/div><\/figure>\n\t\t<\/div>\n\n","protected":false},"excerpt":{"rendered":"<p>Ischia est l&#8217;un des paradis de sports nautiques de l&#8217;Italie. On peut \u00e0 Ischia pour la voile, le surf, le cano\u00eb, bateau \u00e0&#8230;<\/p>\n","protected":false},"author":2,"featured_media":0,"parent":0,"menu_order":0,"comment_status":"closed","ping_status":"closed","template":"","meta":{"footnotes":""},"class_list":["post-294","page","type-page","status-publish","hentry"],"translation":{"provider":"WPGlobus","version":"3.0.2","language":"fr","enabled_languages":["it","de","en","fr"],"languages":{"it":{"title":true,"content":true,"excerpt":false},"de":{"title":true,"content":true,"excerpt":false},"en":{"title":true,"content":true,"excerpt":false},"fr":{"title":true,"content":true,"excerpt":false}}},"_links":{"self":[{"href":"https:\/\/www.hotelcasasofia.com\/fr\/wp-json\/wp\/v2\/pages\/294","targetHints":{"allow":["GET"]}}],"collection":[{"href":"https:\/\/www.hotelcasasofia.com\/fr\/wp-json\/wp\/v2\/pages"}],"about":[{"href":"https:\/\/www.hotelcasasofia.com\/fr\/wp-json\/wp\/v2\/types\/page"}],"author":[{"embeddable":true,"href":"https:\/\/www.hotelcasasofia.com\/fr\/wp-json\/wp\/v2\/users\/2"}],"replies":[{"embeddable":true,"href":"https:\/\/www.hotelcasasofia.com\/fr\/wp-json\/wp\/v2\/comments?post=294"}],"version-history":[{"count":12,"href":"https:\/\/www.hotelcasasofia.com\/fr\/wp-json\/wp\/v2\/pages\/294\/revisions"}],"predecessor-version":[{"id":2361,"href":"https:\/\/www.hotelcasasofia.com\/fr\/wp-json\/wp\/v2\/pages\/294\/revisions\/2361"}],"wp:attachment":[{"href":"https:\/\/www.hotelcasasofia.com\/fr\/wp-json\/wp\/v2\/media?parent=294"}],"curies":[{"name":"wp","href":"https:\/\/api.w.org\/{rel}","templated":true}]}}