{"id":64,"date":"2018-01-18T22:15:49","date_gmt":"2018-01-18T22:15:49","guid":{"rendered":"http:\/\/wordpress.hotelcasasofia.com\/?page_id=64"},"modified":"2018-02-08T05:34:24","modified_gmt":"2018-02-08T05:34:24","slug":"ausfluege-im-golf-von-neapel","status":"publish","type":"page","link":"https:\/\/www.hotelcasasofia.com\/fr\/ausfluege-im-golf-von-neapel","title":{"rendered":"Excursions \/ Activit\u00e9s"},"content":{"rendered":"<div id='gallery-1' class='gallery galleryid-64 gallery-columns-2 gallery-size-medium'><figure class='gallery-item'>\n\t\t\t<div class='gallery-icon landscape'>\n\t\t\t\t<a href='https:\/\/www.hotelcasasofia.com\/fr\/ausfluege-im-golf-von-neapel\/attachment\/97422203'><img loading=\"lazy\" decoding=\"async\" width=\"300\" height=\"225\" src=\"https:\/\/www.hotelcasasofia.com\/wp-content\/uploads\/2018\/01\/97422203-300x225.jpg\" class=\"attachment-medium size-medium\" alt=\"\" srcset=\"https:\/\/www.hotelcasasofia.com\/wp-content\/uploads\/2018\/01\/97422203-300x225.jpg 300w, https:\/\/www.hotelcasasofia.com\/wp-content\/uploads\/2018\/01\/97422203-768x576.jpg 768w, https:\/\/www.hotelcasasofia.com\/wp-content\/uploads\/2018\/01\/97422203-1024x768.jpg 1024w, https:\/\/www.hotelcasasofia.com\/wp-content\/uploads\/2018\/01\/97422203.jpg 1200w\" sizes=\"auto, (max-width: 300px) 100vw, 300px\" \/><\/a>\n\t\t\t<\/div><\/figure><figure class='gallery-item'>\n\t\t\t<div class='gallery-icon landscape'>\n\t\t\t\t<a href='https:\/\/www.hotelcasasofia.com\/fr\/img_20130709_233335'><img loading=\"lazy\" decoding=\"async\" width=\"300\" height=\"225\" src=\"https:\/\/www.hotelcasasofia.com\/wp-content\/uploads\/2018\/01\/IMG_20130709_233335-300x225.jpg\" class=\"attachment-medium size-medium\" alt=\"\" srcset=\"https:\/\/www.hotelcasasofia.com\/wp-content\/uploads\/2018\/01\/IMG_20130709_233335-300x225.jpg 300w, https:\/\/www.hotelcasasofia.com\/wp-content\/uploads\/2018\/01\/IMG_20130709_233335-768x576.jpg 768w, https:\/\/www.hotelcasasofia.com\/wp-content\/uploads\/2018\/01\/IMG_20130709_233335-1024x768.jpg 1024w, https:\/\/www.hotelcasasofia.com\/wp-content\/uploads\/2018\/01\/IMG_20130709_233335-100x75.jpg 100w, https:\/\/www.hotelcasasofia.com\/wp-content\/uploads\/2018\/01\/IMG_20130709_233335-150x113.jpg 150w, https:\/\/www.hotelcasasofia.com\/wp-content\/uploads\/2018\/01\/IMG_20130709_233335-200x150.jpg 200w, https:\/\/www.hotelcasasofia.com\/wp-content\/uploads\/2018\/01\/IMG_20130709_233335-450x338.jpg 450w, https:\/\/www.hotelcasasofia.com\/wp-content\/uploads\/2018\/01\/IMG_20130709_233335-600x450.jpg 600w, https:\/\/www.hotelcasasofia.com\/wp-content\/uploads\/2018\/01\/IMG_20130709_233335-900x675.jpg 900w\" sizes=\"auto, (max-width: 300px) 100vw, 300px\" \/><\/a>\n\t\t\t<\/div><\/figure>\n\t\t<\/div>\n\n<p>N&#8217;est pas \u00e0 oublier c&#8217;est de prendre un verre sur la Piazzetta, les caffes invitent pour discuter et se d\u00e9tendre pendant que vous pouvez poisson frais et d&#8217;autres sp\u00e9cialit\u00e9s de la cuisine m\u00e9diterran\u00e9enne dans les diff\u00e9rents restaurants rustique et plaisant qui se refl\u00e8tent dans la mer profiter.<\/p>\n<p>Pour faire du shopping attirer des boutiques exclusives avec toutes les grandes marques de cr\u00e9ateurs, bijoutiers exclusifs, galeries d&#8217;art, un magasin d&#8217;antiquit\u00e9s et des studios en c\u00e9ramique typiques.<\/p>\n<p>Aussi sable chaud culinaire est d&#8217;utiliser: unique dans le monde est le \u00ab Pollo alla fumarola \u00bb (poulet cuit dans du papier) qui est enterr\u00e9 pour la cuisson dans le sable chaud de la plage fumerolles. Cela peut pr\u00e9commander avec une grande terrasse et vue sur la mer \u00e0 \u00ab Ristorante Emanuela \u00bb, sur la plage et regarder dans le A et d&#8217;excavation dans le sable chaud. Hautement recommand\u00e9 est la Pizzeria \u00ab da Pasquale \u00bb pizza savoureuse situ\u00e9 directement au-dessus d&#8217;un feu de bois et Ristorante \u00ab Lo Scoglio \u00bb, lieu \u00e9l\u00e9gant pour d\u00e9licieux fruits de mer, \u00e9galement avec vue sur la mer sur la route c\u00f4ti\u00e8re.<\/p>\n<p>Une sp\u00e9cialit\u00e9 est en outre coniglio (lapin). \u00e0 appr\u00e9cier les choses simples comme bruschetta, pain \u00e0 la tomate, mozzarella fra\u00eeche et une bonne assiette de spaghettis.<\/p>\n<p>Des sp\u00e9cialit\u00e9s typiques ou du poisson frais, des fruits et l\u00e9gumes se trouvent sur diff\u00e9rents march\u00e9s. En outre, des v\u00eatements et des bijoux.<\/p>\n<div id='gallery-2' class='gallery galleryid-64 gallery-columns-2 gallery-size-medium'><figure class='gallery-item'>\n\t\t\t<div class='gallery-icon landscape'>\n\t\t\t\t<a href='https:\/\/www.hotelcasasofia.com\/fr\/_dsc2947'><img loading=\"lazy\" decoding=\"async\" width=\"300\" height=\"199\" src=\"https:\/\/www.hotelcasasofia.com\/wp-content\/uploads\/2018\/01\/DSC2947-300x199.jpg\" class=\"attachment-medium size-medium\" alt=\"\" srcset=\"https:\/\/www.hotelcasasofia.com\/wp-content\/uploads\/2018\/01\/DSC2947-300x199.jpg 300w, https:\/\/www.hotelcasasofia.com\/wp-content\/uploads\/2018\/01\/DSC2947-768x510.jpg 768w, https:\/\/www.hotelcasasofia.com\/wp-content\/uploads\/2018\/01\/DSC2947-1024x681.jpg 1024w, https:\/\/www.hotelcasasofia.com\/wp-content\/uploads\/2018\/01\/DSC2947.jpg 2048w\" sizes=\"auto, (max-width: 300px) 100vw, 300px\" \/><\/a>\n\t\t\t<\/div><\/figure>\n\t\t<\/div>\n\n<p>Des sp\u00e9cialit\u00e9s typiques ou du poisson frais ainsi que des fruits et l\u00e9gumes peuvent \u00eatre trouv\u00e9s dans divers march\u00e9s. Aussi des v\u00eatements et des bijoux.<\/p>\n","protected":false},"excerpt":{"rendered":"<p>N&#8217;est pas \u00e0 oublier c&#8217;est de prendre un verre sur la Piazzetta, les caffes invitent pour discuter et se d\u00e9tendre pendant que vous&#8230;<\/p>\n","protected":false},"author":2,"featured_media":0,"parent":0,"menu_order":0,"comment_status":"closed","ping_status":"closed","template":"","meta":{"footnotes":""},"class_list":["post-64","page","type-page","status-publish","hentry"],"translation":{"provider":"WPGlobus","version":"3.0.2","language":"fr","enabled_languages":["it","de","en","fr"],"languages":{"it":{"title":true,"content":true,"excerpt":false},"de":{"title":true,"content":true,"excerpt":false},"en":{"title":true,"content":true,"excerpt":false},"fr":{"title":true,"content":true,"excerpt":false}}},"_links":{"self":[{"href":"https:\/\/www.hotelcasasofia.com\/fr\/wp-json\/wp\/v2\/pages\/64","targetHints":{"allow":["GET"]}}],"collection":[{"href":"https:\/\/www.hotelcasasofia.com\/fr\/wp-json\/wp\/v2\/pages"}],"about":[{"href":"https:\/\/www.hotelcasasofia.com\/fr\/wp-json\/wp\/v2\/types\/page"}],"author":[{"embeddable":true,"href":"https:\/\/www.hotelcasasofia.com\/fr\/wp-json\/wp\/v2\/users\/2"}],"replies":[{"embeddable":true,"href":"https:\/\/www.hotelcasasofia.com\/fr\/wp-json\/wp\/v2\/comments?post=64"}],"version-history":[{"count":23,"href":"https:\/\/www.hotelcasasofia.com\/fr\/wp-json\/wp\/v2\/pages\/64\/revisions"}],"predecessor-version":[{"id":674,"href":"https:\/\/www.hotelcasasofia.com\/fr\/wp-json\/wp\/v2\/pages\/64\/revisions\/674"}],"wp:attachment":[{"href":"https:\/\/www.hotelcasasofia.com\/fr\/wp-json\/wp\/v2\/media?parent=64"}],"curies":[{"name":"wp","href":"https:\/\/api.w.org\/{rel}","templated":true}]}}